{"id":467,"date":"2022-07-08T12:25:39","date_gmt":"2022-07-08T12:25:39","guid":{"rendered":"https:\/\/www.kaleicisteakgastrobar.com\/hakkimizda\/"},"modified":"2024-05-02T22:08:13","modified_gmt":"2024-05-02T22:08:13","slug":"%e5%85%b3%e4%ba%8e%e6%88%91%e4%bb%ac","status":"publish","type":"page","link":"https:\/\/www.kaleicisteakgastrobar.com\/zh-hans\/%e5%85%b3%e4%ba%8e%e6%88%91%e4%bb%ac\/","title":{"rendered":"\u5173\u4e8e\u6211\u4eec"},"content":{"rendered":"<p>[vc_row css=&#8221;.vc_custom_1657704988110{padding-top: 20px !important;padding-bottom: 70px !important;}&#8221;][vc_column css_animation=&#8221;left-to-right&#8221; width=&#8221;1\/4&#8243; css=&#8221;.vc_custom_1657284992778{padding-top: 150px !important;}&#8221;][vc_single_image image=&#8221;79&#8243; img_size=&#8221;200&#215;200&#8243; alignment=&#8221;center&#8221;][\/vc_column][vc_column css_animation=&#8221;bottom-to-top&#8221; width=&#8221;1\/2&#8243;][vc_custom_heading text=&#8221;\u597d\u597d\u4eab\u53d7\u5427&#8221; font_container=&#8221;tag:h3|text_align:center|color:%23d34029&#8243; google_fonts=&#8221;font_family:Kaushan%20Script%3Aregular|font_style:400%20regular%3A400%3Anormal&#8221;]<div id=\"ultimate-heading-241569e4d38a07119\" class=\"uvc-heading ult-adjust-bottom-margin ultimate-heading-241569e4d38a07119 uvc-1780 \" data-hspacer=\"no_spacer\"  data-halign=\"center\" style=\"text-align:center\"><div class=\"uvc-heading-spacer no_spacer\" style=\"top\"><\/div><div class=\"uvc-sub-heading ult-responsive\"  data-ultimate-target='.uvc-heading.ultimate-heading-241569e4d38a07119 .uvc-sub-heading '  data-responsive-json-new='{\"font-size\":\"\",\"line-height\":\"\"}'  style=\"font-weight:normal;\"><\/p>\n<div class=\"wpb_text_column wpb_content_element \">\n<div class=\"wpb_wrapper\">\n<p>Kalei\u00e7i \u662f\u516c\u5143 130 \u5e74\u7531\u54c8\u5fb7\u826f\u56fd\u738b\u5efa\u9020\u7684\u5386\u53f2\u540d\u57ce\uff0c\u4e5f\u662f\u4eca\u5929\u5b89\u5854\u5229\u4e9a\u6700\u53d7\u6b22\u8fce\u7684\u5730\u533a\u4e4b\u4e00\uff0c\u6211\u4eec\u5728\u6b64\u5f00\u8bbe KALE\u0130\u00c7\u0130 STEAK GASTRO BAR\uff08\u5361\u83b1\u5947\u725b\u6392\u52a0\u65af\u6258\u9152\u5427\uff09\uff0c\u7531\u6211\u4eec\u7684\u53a8\u5e08\u4ee5\u4f20\u7edf\u65b9\u6cd5\u4e3a\u5c0a\u8d35\u7684\u5ba2\u4eba\u70f9\u5236\u98ce\u5e72\u8089\u7c7b\u3002\u6211\u4eec\u9080\u8bf7\u60a8\u8fdb\u5165\u6211\u4eec\u83dc\u5355\u7684\u72ec\u7279\u4e16\u754c\uff0c\u5728\u8fd9\u91cc\u60a8\u53ef\u4ee5\u54c1\u5c1d\u5230\u4e16\u754c\u7f8e\u98df\u548c\u98ce\u5e72\u8089\u7c7b\u3002<\/p>\n<p>Kalei\u00e7i Steak Gastro Bar \u79c9\u627f &#8220;\u4ee5\u5ba2\u6237\u6ee1\u610f\u4e3a\u5bfc\u5411 &#8220;\u7684\u670d\u52a1\u7406\u5ff5\uff0c\u5c06\u6bcf\u4e00\u4e2a\u7ec6\u8282\u90fd\u8003\u8651\u5230\u6781\u81f4\uff0c\u4e0d\u65ad\u53d1\u5c55\u58ee\u5927\u3002<\/p>\n<\/div>\n<\/div>\n<p><\/div><\/div>[\/vc_column][vc_column css_animation=&#8221;right-to-left&#8221; width=&#8221;1\/4&#8243; css=&#8221;.vc_custom_1657285023794{padding-top: 150px !important;}&#8221;]<div id=\"modal-trg-txt-wrap-6329\" class=\"ult-modal-input-wrapper ult-adjust-bottom-margin playbuttonimg   \" data-keypress-control=\"keypress-control-enable\" data-overlay-control=\"overlay-control-enable\"><img src=\"https:\/\/www.kaleicisteakgastrobar.com\/wp-content\/uploads\/2022\/07\/play-video_-650x650-1.png\" alt=\"null\" data-class-id=\"content-69e4d38a071f06-73733929\" class=\"ult-modal-img overlay-show ult-align-center ult-modal-image-\" data-overlay-class=\"overlay-doorvertical\"\/><\/div>\n<div class=\"ult-overlay content-69e4d38a071f06-73733929 \" data-class=\"content-69e4d38a071f06-73733929\" id=\"button-click-overlay\" style=\"background:rgba(17,4,1,0.8); display:none;\">\n\t<div class=\"ult_modal ult-fade ult-medium\">\n\t\t<div id=\"ult-modal-wrap-1643\" class=\"ult_modal-content ult-hide\" style=\"border-style:solid;border-width:2px;border-radius:0px;border-color:#333333;\">\n\t\t\t<div  data-ultimate-target='#ult-modal-wrap-1643 .ult_modal-body'  data-responsive-json-new='{\"font-size\":\"\",\"line-height\":\"\"}'  class=\"ult_modal-body ult-responsive ult-youtube\" style=\"background:#110401;\">\n\t\t\t<iframe loading=\"lazy\" title=\"YouTube video player\" src=\"https:\/\/www.youtube.com\/embed\/ooZA3K61yFg?controls=0\" width=\"560\" height=\"315\" frameborder=\"0\" allowfullscreen=\"allowfullscreen\"><\/iframe>\n\t\t\t<\/div>\n\t<\/div>\n\t<\/div>\n\t<div class=\"ult-overlay-close top-right\" style=\"width:80px;height:80px; \"><div class=\"ult-overlay-close-inside\">Close<\/div><\/div>\n<\/div>[\/vc_column][\/vc_row]<\/p>\n","protected":false},"excerpt":{"rendered":"<p>[vc_row css=&#8221;.vc_custom_1657704988110{padding-top&hellip;<\/p>\n","protected":false},"author":1,"featured_media":0,"parent":0,"menu_order":0,"comment_status":"closed","ping_status":"closed","template":"","meta":[],"_links":{"self":[{"href":"https:\/\/www.kaleicisteakgastrobar.com\/zh-hans\/wp-json\/wp\/v2\/pages\/467"}],"collection":[{"href":"https:\/\/www.kaleicisteakgastrobar.com\/zh-hans\/wp-json\/wp\/v2\/pages"}],"about":[{"href":"https:\/\/www.kaleicisteakgastrobar.com\/zh-hans\/wp-json\/wp\/v2\/types\/page"}],"author":[{"embeddable":true,"href":"https:\/\/www.kaleicisteakgastrobar.com\/zh-hans\/wp-json\/wp\/v2\/users\/1"}],"replies":[{"embeddable":true,"href":"https:\/\/www.kaleicisteakgastrobar.com\/zh-hans\/wp-json\/wp\/v2\/comments?post=467"}],"version-history":[{"count":3,"href":"https:\/\/www.kaleicisteakgastrobar.com\/zh-hans\/wp-json\/wp\/v2\/pages\/467\/revisions"}],"predecessor-version":[{"id":672,"href":"https:\/\/www.kaleicisteakgastrobar.com\/zh-hans\/wp-json\/wp\/v2\/pages\/467\/revisions\/672"}],"wp:attachment":[{"href":"https:\/\/www.kaleicisteakgastrobar.com\/zh-hans\/wp-json\/wp\/v2\/media?parent=467"}],"curies":[{"name":"wp","href":"https:\/\/api.w.org\/{rel}","templated":true}]}}