{"id":429,"date":"2022-07-08T16:49:18","date_gmt":"2022-07-08T16:49:18","guid":{"rendered":"https:\/\/www.kaleicisteakgastrobar.com\/iletisim\/"},"modified":"2024-04-10T13:42:32","modified_gmt":"2024-04-10T13:42:32","slug":"%d1%81%d0%b2%d1%8f%d0%b7%d0%b0%d1%82%d1%8c%d1%81%d1%8f-%d1%81","status":"publish","type":"page","link":"https:\/\/www.kaleicisteakgastrobar.com\/ru\/%d1%81%d0%b2%d1%8f%d0%b7%d0%b0%d1%82%d1%8c%d1%81%d1%8f-%d1%81\/","title":{"rendered":"\u0421\u0432\u044f\u0437\u0430\u0442\u044c\u0441\u044f \u0441"},"content":{"rendered":"<p>[vc_row row_content_width=&#187;grid&#187; css=&#187;.vc_custom_1652903023809{padding-top: 160px !important;padding-bottom: 60px !important;}&#187; pattern_svg_path=&#187;&#187;][vc_column width=&#187;1\/3&#8243; css=&#187;.vc_custom_1654269652414{margin-top: 20px !important;}&#187;]<div class=\"aio-icon-component    style_1\"><div id=\"Info-box-wrap-5485\" class=\"aio-icon-box left-icon\" style=\"\"  ><div class=\"aio-icon-left\"><div class=\"ult-just-icon-wrapper  \"><div class=\"align-icon\" style=\"text-align:center;\">\n<div class=\"aio-icon-img \" style=\"font-size:55px;display:inline-block;\" >\n\t<img class=\"img-icon\" alt=\"null\" src=\"https:\/\/www.kaleicisteakgastrobar.com\/wp-content\/uploads\/2022\/07\/phone.png\"\/>\n<\/div><\/div><\/div><\/div><div class=\"aio-ibd-block\"><div class=\"aio-icon-header\" ><h3 class=\"aio-icon-title ult-responsive\"  data-ultimate-target='#Info-box-wrap-5485 .aio-icon-title'  data-responsive-json-new='{\"font-size\":\"tablet:13px;tablet_portrait:13px;\",\"line-height\":\"\"}'  style=\"\">\u041d\u0410\u0428 \u041d\u041e\u041c\u0415\u0420 \u0422\u0415\u041b\u0415\u0424\u041e\u041d\u0410<\/h3><\/div> <!-- header --><div class=\"aio-icon-description ult-responsive\"  data-ultimate-target='#Info-box-wrap-5485 .aio-icon-description'  data-responsive-json-new='{\"font-size\":\"tablet:13px;tablet_portrait:13px;\",\"line-height\":\"\"}'  style=\"\">+90 544 668 07 00<\/div> <!-- description --><\/div> <!-- aio-ibd-block --><\/div> <!-- aio-icon-box --><\/div> <!-- aio-icon-component -->[\/vc_column][vc_column width=&#187;1\/3&#8243; css=&#187;.vc_custom_1654269658146{margin-top: 20px !important;}&#187;]<div class=\"aio-icon-component    style_1\"><div id=\"Info-box-wrap-5033\" class=\"aio-icon-box left-icon\" style=\"\"  ><div class=\"aio-icon-left\"><div class=\"ult-just-icon-wrapper  \"><div class=\"align-icon\" style=\"text-align:center;\">\n<div class=\"aio-icon-img \" style=\"font-size:55px;display:inline-block;\" >\n\t<img class=\"img-icon\" alt=\"null\" src=\"https:\/\/www.kaleicisteakgastrobar.com\/wp-content\/uploads\/2022\/07\/email.png\"\/>\n<\/div><\/div><\/div><\/div><div class=\"aio-ibd-block\"><div class=\"aio-icon-header\" ><h3 class=\"aio-icon-title ult-responsive\"  data-ultimate-target='#Info-box-wrap-5033 .aio-icon-title'  data-responsive-json-new='{\"font-size\":\"tablet:13px;tablet_portrait:13px;\",\"line-height\":\"\"}'  style=\"\">\u041d\u0410\u0428 \u0410\u0414\u0420\u0415\u0421 \u042d\u041b\u0415\u041a\u0422\u0420\u041e\u041d\u041d\u041e\u0419 \u041f\u041e\u0427\u0422\u042b<\/h3><\/div> <!-- header --><div class=\"aio-icon-description ult-responsive\"  data-ultimate-target='#Info-box-wrap-5033 .aio-icon-description'  data-responsive-json-new='{\"font-size\":\"tablet:13px;tablet_portrait:13px;\",\"line-height\":\"\"}'  style=\"\">info@kaleicisteakgastrobar.com<\/div> <!-- description --><\/div> <!-- aio-ibd-block --><\/div> <!-- aio-icon-box --><\/div> <!-- aio-icon-component -->[\/vc_column][vc_column width=&#187;1\/3&#8243; css=&#187;.vc_custom_1654269665309{margin-top: 20px !important;}&#187;]<div class=\"aio-icon-component    style_1\"><div id=\"Info-box-wrap-1404\" class=\"aio-icon-box left-icon\" style=\"\"  ><div class=\"aio-icon-left\"><div class=\"ult-just-icon-wrapper  \"><div class=\"align-icon\" style=\"text-align:center;\">\n<div class=\"aio-icon-img \" style=\"font-size:55px;display:inline-block;\" >\n\t<img class=\"img-icon\" alt=\"null\" src=\"https:\/\/www.kaleicisteakgastrobar.com\/wp-content\/uploads\/2022\/07\/map.png\"\/>\n<\/div><\/div><\/div><\/div><div class=\"aio-ibd-block\"><div class=\"aio-icon-header\" ><h3 class=\"aio-icon-title ult-responsive\"  data-ultimate-target='#Info-box-wrap-1404 .aio-icon-title'  data-responsive-json-new='{\"font-size\":\"tablet:13px;tablet_portrait:13px;\",\"line-height\":\"\"}'  style=\"\">\u041d\u0410\u0428 \u0410\u0414\u0420\u0415\u0421<\/h3><\/div> <!-- header --><div class=\"aio-icon-description ult-responsive\"  data-ultimate-target='#Info-box-wrap-1404 .aio-icon-description'  data-responsive-json-new='{\"font-size\":\"tablet:13px;tablet_portrait:13px;\",\"line-height\":\"\"}'  style=\"\">K\u0131l\u0131n\u00e7arslan Mahallesi Hesap\u00e7\u0131 Sk. No:64 Muratpa\u015fa \/ ANTALYA<\/div> <!-- description --><\/div> <!-- aio-ibd-block --><\/div> <!-- aio-icon-box --><\/div> <!-- aio-icon-component -->[\/vc_column][\/vc_row][vc_row row_content_width=&#187;grid&#187; pattern_svg_path=&#187;&#187; css=&#187;.vc_custom_1652901310303{padding-top: 60px !important;padding-bottom: 120px !important;}&#187;][vc_column width=&#187;1\/2&#8243; css=&#187;.vc_custom_1652902875657{background-color: rgba(255,255,255,0.09) !important;*background-color: rgb(255,255,255) !important;border-radius: 1px !important;}&#187;][vc_column_text]\n            <div \n                class=\"elfsight-widget-form-builder elfsight-widget\" \n                data-elfsight-form-builder-options=\"%7B%22ei%22%3A%22%22%2C%22fields%22%3A%5B%7B%22type%22%3A%22text%22%2C%22placeholder%22%3A%22%22%2C%22description%22%3A%22%22%2C%22label%22%3A%22%5Cu0418%5Cu043c%5Cu044f%20%5Cu0424%5Cu0430%5Cu043c%5Cu0438%5Cu043b%5Cu0438%5Cu044f%22%2C%22required%22%3Atrue%2C%22columnWidth%22%3A50%2C%22id%22%3A%22%5B%5Cu0438%5Cu043c%5Cu044f-%5Cu0444%5Cu0430%5Cu043c%5Cu0438%5Cu043b%5Cu0438%5Cu044f%5D%22%7D%2C%7B%22type%22%3A%22text%22%2C%22label%22%3A%22%5Cu0422%5Cu0435%5Cu043c%5Cu0430%22%2C%22name%22%3A%22%22%2C%22placeholder%22%3A%22%22%2C%22options%22%3A%22Option%201%5CnOption%202%22%2C%22scaleNumbersMin%22%3A1%2C%22scaleNumbersMax%22%3A10%2C%22leftCaption%22%3A%22Not%20likely%22%2C%22rightCaption%22%3A%22Very%20likely%22%2C%22fileLinkCaption%22%3A%22Choose%20file%22%2C%22fileDragCaption%22%3A%22or%20drag%20%26%20drop%20here%22%2C%22text%22%3A%22Text%22%2C%22title%22%3A%22Heading%22%2C%22caption%22%3A%22%22%2C%22value%22%3A%22%22%2C%22labelText%22%3A%22Label%22%2C%22dateTime%22%3A%22date%22%2C%22dateFormat%22%3A%22d.m.Y%22%2C%22timeFormat%22%3A%22H%3Ai%22%2C%22starsCount%22%3A5%2C%22required%22%3Atrue%2C%22description%22%3A%22%22%2C%22columnWidth%22%3A50%2C%22elementColumnWidth%22%3A100%2C%22fileAllowedAll%22%3Atrue%2C%22fileAllowed%22%3A%5B%22.jpg%22%2C%22.jpeg%22%2C%22.png%22%2C%22.gif%22%2C%22.txt%22%2C%22.pdf%22%2C%22.doc%22%2C%22.docx%22%2C%22.pages%22%2C%22.numbers%22%2C%22.xls%22%2C%22.xlsx%22%2C%22.odt%22%2C%22.ppt%22%2C%22.pptx%22%2C%22.pps%22%2C%22.ppsx%22%2C%22.html%22%5D%2C%22fileMax%22%3A25%2C%22fields%22%3A%22%22%2C%22id%22%3A%22%5B%5Cu0442%5Cu0435%5Cu043c%5Cu0430%5D%22%7D%2C%7B%22type%22%3A%22email%22%2C%22label%22%3A%22%5Cu0410%5Cu0434%5Cu0440%5Cu0435%5Cu0441%20%5Cu044d%5Cu043b%5Cu0435%5Cu043a%5Cu0442%5Cu0440%5Cu043e%5Cu043d%5Cu043d%5Cu043e%5Cu0439%20%5Cu043f%5Cu043e%5Cu0447%5Cu0442%5Cu044b%22%2C%22description%22%3A%22%22%2C%22placeholder%22%3A%22%22%2C%22required%22%3Atrue%2C%22columnWidth%22%3A50%2C%22id%22%3A%22%5B%5Cu0430%5Cu0434%5Cu0440%5Cu0435%5Cu0441-%5Cu044d%5Cu043b%5Cu0435%5Cu043a%5Cu0442%5Cu0440%5Cu043e%5Cu043d%5Cu043d%5Cu043e%5Cu0439-%5Cu043f%5Cu043e%5Cu0447%5Cu0442%5Cu044b%5D%22%7D%2C%7B%22type%22%3A%22phone%22%2C%22label%22%3A%22%5Cu041d%5Cu043e%5Cu043c%5Cu0435%5Cu0440%20%5Cu0442%5Cu0435%5Cu043b%5Cu0435%5Cu0444%5Cu043e%5Cu043d%5Cu0430%22%2C%22placeholder%22%3A%22%22%2C%22description%22%3A%22%22%2C%22required%22%3Afalse%2C%22columnWidth%22%3A50%2C%22id%22%3A%22%5B%5Cu043d%5Cu043e%5Cu043c%5Cu0435%5Cu0440-%5Cu0442%5Cu0435%5Cu043b%5Cu0435%5Cu0444%5Cu043e%5Cu043d%5Cu0430%5D%22%7D%2C%7B%22type%22%3A%22textarea%22%2C%22label%22%3A%22%5Cu0421%5Cu043e%5Cu043e%5Cu0431%5Cu0449%5Cu0435%5Cu043d%5Cu0438%5Cu0435%22%2C%22description%22%3A%22%22%2C%22placeholder%22%3A%22%22%2C%22required%22%3Atrue%2C%22columnWidth%22%3A100%2C%22id%22%3A%22%5B%5Cu0441%5Cu043e%5Cu043e%5Cu0431%5Cu0449%5Cu0435%5Cu043d%5Cu0438%5Cu0435%5D%22%7D%5D%2C%22headerActive%22%3Afalse%2C%22headerTitle%22%3A%22Get%20in%20Touch%22%2C%22headerText%22%3A%22Leave%20your%20message%20and%20we%27ll%20get%20back%20to%20you%20shortly.%22%2C%22headerPictureUrl%22%3A%22message%22%2C%22footerText%22%3A%22%22%2C%22actionAfterSubmit%22%3A%22message%22%2C%22successMessage%22%3A%22%5Cu0421%5Cu043f%5Cu0430%5Cu0441%5Cu0438%5Cu0431%5Cu043e%2C%20%5Cu0447%5Cu0442%5Cu043e%20%5Cu0441%5Cu0432%5Cu044f%5Cu0437%5Cu0430%5Cu043b%5Cu0438%5Cu0441%5Cu044c%20%5Cu0441%20%5Cu043d%5Cu0430%5Cu043c%5Cu0438.%20%5Cu041c%5Cu044b%20%5Cu0441%5Cu0432%5Cu044f%5Cu0436%5Cu0435%5Cu043c%5Cu0441%5Cu044f%20%5Cu0441%20%5Cu0432%5Cu0430%5Cu043c%5Cu0438%20%5Cu043a%5Cu0430%5Cu043a%20%5Cu043c%5Cu043e%5Cu0436%5Cu043d%5Cu043e%20%5Cu0441%5Cu043a%5Cu043e%5Cu0440%5Cu0435%5Cu0435.%22%2C%22successContinueText%22%3A%22%5Cu0425%5Cu043e%5Cu0440%5Cu043e%5Cu0448%5Cu043e%22%2C%22redirectUrl%22%3A%22https%3A%5C%2F%5C%2Fexample.com%22%2C%22submitText%22%3A%22%5Cu041e%5Cu0442%5Cu043f%5Cu0440%5Cu0430%5Cu0432%5Cu0438%5Cu0442%5Cu044c%22%2C%22stepsMessagesDivider%22%3Anull%2C%22stepsMessagesTitle%22%3Anull%2C%22stepsText%22%3A%22step%20%251%20of%20%252%22%2C%22stepBackText%22%3A%22Back%22%2C%22stepNextText%22%3A%22Next%22%2C%22errorMessageAllRequired%22%3A%22%5Cu041f%5Cu043e%5Cu0436%5Cu0430%5Cu043b%5Cu0443%5Cu0439%5Cu0441%5Cu0442%5Cu0430%2C%20%5Cu0437%5Cu0430%5Cu043f%5Cu043e%5Cu043b%5Cu043d%5Cu0438%5Cu0442%5Cu0435%20%5Cu0432%5Cu0441%5Cu0435%20%5Cu043d%5Cu0435%5Cu043e%5Cu0431%5Cu0445%5Cu043e%5Cu0434%5Cu0438%5Cu043c%5Cu044b%5Cu0435%20%5Cu043f%5Cu043e%5Cu043b%5Cu044f%22%2C%22errorMessageAllIncorrect%22%3A%22%5Cu041f%5Cu043e%5Cu0436%5Cu0430%5Cu043b%5Cu0443%5Cu0439%5Cu0441%5Cu0442%5Cu0430%2C%20%5Cu0437%5Cu0430%5Cu043f%5Cu043e%5Cu043b%5Cu043d%5Cu0438%5Cu0442%5Cu0435%20%5Cu0432%5Cu0441%5Cu0435%20%5Cu043f%5Cu043e%5Cu043b%5Cu044f%20%5Cu043f%5Cu0440%5Cu0430%5Cu0432%5Cu0438%5Cu043b%5Cu044c%5Cu043d%5Cu043e%22%2C%22errorMessageSetMailTo%22%3A%22%5Cu0423%5Cu043a%5Cu0430%5Cu0436%5Cu0438%5Cu0442%5Cu0435%20%5Cu044d%5Cu043b%5Cu0435%5Cu043a%5Cu0442%5Cu0440%5Cu043e%5Cu043d%5Cu043d%5Cu0443%5Cu044e%20%5Cu043f%5Cu043e%5Cu0447%5Cu0442%5Cu0443%2C%20%5Cu043d%5Cu0430%20%5Cu043a%5Cu043e%5Cu0442%5Cu043e%5Cu0440%5Cu0443%5Cu044e%20%5Cu0431%5Cu0443%5Cu0434%5Cu0443%5Cu0442%20%5Cu043e%5Cu0442%5Cu043f%5Cu0440%5Cu0430%5Cu0432%5Cu043b%5Cu044f%5Cu0442%5Cu044c%5Cu0441%5Cu044f%20%5Cu0441%5Cu043e%5Cu043e%5Cu0431%5Cu0449%5Cu0435%5Cu043d%5Cu0438%5Cu044f%22%2C%22errorMessageRequiredCaptcha%22%3A%22%5Cu041f%5Cu043e%5Cu0436%5Cu0430%5Cu043b%5Cu0443%5Cu0439%5Cu0441%5Cu0442%5Cu0430%2C%20%5Cu0432%5Cu0432%5Cu0435%5Cu0434%5Cu0438%5Cu0442%5Cu0435%20%5Cu043a%5Cu0430%5Cu043f%5Cu0447%5Cu0443%22%2C%22errorMessageFileSizeLimit%22%3A%22%5Cu041f%5Cu0440%5Cu0435%5Cu0432%5Cu044b%5Cu0448%5Cu0435%5Cu043d%20%5Cu043b%5Cu0438%5Cu043c%5Cu0438%5Cu0442%20%5Cu0440%5Cu0430%5Cu0437%5Cu043c%5Cu0435%5Cu0440%5Cu0430%20%5Cu0444%5Cu0430%5Cu0439%5Cu043b%5Cu0430%22%2C%22errorMessageFileNotAllowed%22%3A%22%5Cu0420%5Cu0430%5Cu0441%5Cu0448%5Cu0438%5Cu0440%5Cu0435%5Cu043d%5Cu0438%5Cu0435%20%5Cu0444%5Cu0430%5Cu0439%5Cu043b%5Cu0430%20%5Cu043d%5Cu0435%20%5Cu0440%5Cu0430%5Cu0437%5Cu0440%5Cu0435%5Cu0448%5Cu0435%5Cu043d%5Cu043e%22%2C%22errorMessageUnknown%22%3A%22%5Cu041d%5Cu0435%5Cu0438%5Cu0437%5Cu0432%5Cu0435%5Cu0441%5Cu0442%5Cu043d%5Cu0430%5Cu044f%20%5Cu043e%5Cu0448%5Cu0438%5Cu0431%5Cu043a%5Cu0430%22%2C%22errorMessageRequired%22%3A%22%5Cu041d%5Cu0435%5Cu043e%5Cu0431%5Cu0445%5Cu043e%5Cu0434%5Cu0438%5Cu043c%5Cu043e%5Cu0435%20%5Cu043f%5Cu0440%5Cu043e%5Cu0441%5Cu0442%5Cu0440%5Cu0430%5Cu043d%5Cu0441%5Cu0442%5Cu0432%5Cu043e%22%2C%22errorMessageInvalid%22%3A%22%5Cu041d%5Cu0435%5Cu0432%5Cu0435%5Cu0440%5Cu043d%5Cu044b%5Cu0439%22%2C%22errorMessageInvalidEmail%22%3A%22%5Cu041d%5Cu0435%5Cu0432%5Cu0435%5Cu0440%5Cu043d%5Cu044b%5Cu0439%20%5Cu0430%5Cu0434%5Cu0440%5Cu0435%5Cu0441%20%5Cu044d%5Cu043b%5Cu0435%5Cu043a%5Cu0442%5Cu0440%5Cu043e%5Cu043d%5Cu043d%5Cu043e%5Cu0439%20%5Cu043f%5Cu043e%5Cu0447%5Cu0442%5Cu044b%22%2C%22errorMessageInvalidPhone%22%3A%22%5Cu041d%5Cu0435%5Cu0432%5Cu0435%5Cu0440%5Cu043d%5Cu044b%5Cu0439%20%5Cu043d%5Cu043e%5Cu043c%5Cu0435%5Cu0440%20%5Cu0442%5Cu0435%5Cu043b%5Cu0435%5Cu0444%5Cu043e%5Cu043d%5Cu0430%22%2C%22errorMessageInvalidUrl%22%3A%22%5Cu041d%5Cu0435%5Cu0434%5Cu043e%5Cu043f%5Cu0443%5Cu0441%5Cu0442%5Cu0438%5Cu043c%5Cu044b%5Cu0439%20URL%22%2C%22calendarWeekdaysShorthand%22%3A%22Sun%5CnMon%5CnTue%5CnWed%5CnThu%5CnFri%5CnSat%22%2C%22calendarMonthsLonghand%22%3A%22January%5CnFebruary%5CnMarch%5CnApril%5CnMay%5CnJune%5CnJuly%5CnAugust%5CnSeptember%5CnOctober%5CnNovember%5CnDecember%22%2C%22showProgress%22%3Atrue%2C%22recaptchaType%22%3A%22invisible%22%2C%22integrationsGoogleToken%22%3A%22%22%2C%22integrationsGoogleSheetId%22%3A%22%22%2C%22layout%22%3A%22default%22%2C%22floatingIcon%22%3A%22message%22%2C%22floatingText%22%3A%22%22%2C%22floatingPosition%22%3A%22right%22%2C%22width%22%3A%22580%22%2C%22style%22%3A%22flat%22%2C%22mainColor%22%3A%22rgb%28211%2C%2064%2C%2041%29%22%2C%22apiUrl%22%3A%22https%3A%5C%2F%5C%2Fwww.kaleicisteakgastrobar.com%5C%2Fru%5C%2Fwp-json%5C%2Felfsight-form-builder%5C%2Fapi%22%2C%22recaptchaKeyCheckbox%22%3A%226LfXGHgUAAAAAHNIE_EH7kEI1l4xvf_ynIlg5bfo%22%2C%22recaptchaKeyInvisible%22%3A%226Ld1CXgUAAAAAFTHmixC1Eo-NP7_3ddB1YOj9AfX%22%2C%22widgetId%22%3A%226%22%7D\" \n                data-elfsight-form-builder-version=\"1.5.1\"\n                data-elfsight-widget-id=\"elfsight-form-builder-6\">\n            <\/div>\n            [\/vc_column_text][\/vc_column][vc_column width=&#187;1\/2&#8243;][vc_gmaps link=&#187;#E-8_JTNDaWZyYW1lJTIwc3JjJTNEJTIyaHR0cHMlM0ElMkYlMkZ3d3cuZ29vZ2xlLmNvbSUyRm1hcHMlMkZlbWJlZCUzRnBiJTNEJTIxMW0xOCUyMTFtMTIlMjExbTMlMjExZDMxOTEuMzYxNTc2NDE5NzY0MyUyMTJkMzAuNzAyNTg1NDE1NjUxNjEyJTIxM2QzNi44ODE2OTc0Nzk5MzE3OCUyMTJtMyUyMTFmMCUyMTJmMCUyMTNmMCUyMTNtMiUyMTFpMTAyNCUyMTJpNzY4JTIxNGYxMy4xJTIxM20zJTIxMW0yJTIxMXMweDE0YzM5MDBmNjAzODhmZWQlMjUzQTB4NmRkM2E3YWVlNTFiNWY4MyUyMTJzS2FsZWklMjVDMyUyNUE3aSUyNTIwU3RlYWslMjUyMEdhc3RybyUyNTIwQmFyJTIxNWUwJTIxM20yJTIxMXN0ciUyMTJzdHIlMjE0djE2NTI5MDI0MjYxOTglMjE1bTIlMjExc3RyJTIxMnN0ciUyMiUyMHdpZHRoJTNEJTIyNjAwJTIyJTIwaGVpZ2h0JTNEJTIyNTQyJTIyJTIwc3R5bGUlM0QlMjJib3JkZXIlM0EwJTNCJTIyJTIwYWxsb3dmdWxsc2NyZWVuJTNEJTIyJTIyJTIwbG9hZGluZyUzRCUyMmxhenklMjIlMjByZWZlcnJlcnBvbGljeSUzRCUyMm5vLXJlZmVycmVyLXdoZW4tZG93bmdyYWRlJTIyJTNFJTNDJTJGaWZyYW1lJTNF&#187;][\/vc_column][\/vc_row]<\/p>\n","protected":false},"excerpt":{"rendered":"<p>[vc_row row_content_width=&#187;grid&#187; css=&#187;.vc_custom_1652903023809{padding-top: 160px !important;padding-bottom: 60px !important;}&#187; pattern_svg_path=&#187;&#187;][vc_column width=&#187;1\/3&#8243; css=&#187;.vc_custom_1654269652414{margin-top: 20px !important;}&#187;][\/vc_column][vc_column width=&#187;1\/3&#8243; css=&#187;.vc_custom_1654269658146{margin-top: 20px !important;}&#187;][\/vc_column][vc_column width=&#187;1\/3&#8243; css=&#187;.vc_custom_1654269665309{margin-top: 20px !important;}&#187;][\/vc_column][\/vc_row][vc_row row_content_width=&#187;grid&#187; pattern_svg_path=&#187;&#187; css=&#187;.vc_custom_1652901310303{padding-top: 60px !important;padding-bottom: 120px !important;}&#187;][vc_column width=&#187;1\/2&#8243; css=&#187;.vc_custom_1652902875657{background-color: rgba(255,255,255,0.09) !important;*background-color: rgb(255,255,255) !important;border-radius: 1px !important;}&#187;][vc_column_text][\/vc_column_text][\/vc_column][vc_column width=&#187;1\/2&#8243;][vc_gmaps link=&#187;#E-8_JTNDaWZyYW1lJTIwc3JjJTNEJTIyaHR0cHMlM0ElMkYlMkZ3d3cuZ29vZ2xlLmNvbSUyRm1hcHMlMkZlbWJlZCUzRnBiJTNEJTIxMW0xOCUyMTFtMTIlMjExbTMlMjExZDMxOTEuMzYxNTc2NDE5NzY0MyUyMTJkMzAuNzAyNTg1NDE1NjUxNjEyJTIxM2QzNi44ODE2OTc0Nzk5MzE3OCUyMTJtMyUyMTFmMCUyMTJmMCUyMTNmMCUyMTNtMiUyMTFpMTAyNCUyMTJpNzY4JTIxNGYxMy4xJTIxM20zJTIxMW0yJTIxMXMweDE0YzM5MDBmNjAzODhmZWQlMjUzQTB4NmRkM2E3YWVlNTFiNWY4MyUyMTJzS2FsZWklMjVDMyUyNUE3aSUyNTIwU3RlYWslMjUyMEdhc3RybyUyNTIwQmFyJTIxNWUwJTIxM20yJTIxMXN0ciUyMTJzdHIlMjE0djE2NTI5MDI0MjYxOTglMjE1bTIlMjExc3RyJTIxMnN0ciUyMiUyMHdpZHRoJTNEJTIyNjAwJTIyJTIwaGVpZ2h0JTNEJTIyNTQyJTIyJTIwc3R5bGUlM0QlMjJib3JkZXIlM0EwJTNCJTIyJTIwYWxsb3dmdWxsc2NyZWVuJTNEJTIyJTIyJTIwbG9hZGluZyUzRCUyMmxhenklMjIlMjByZWZlcnJlcnBvbGljeSUzRCUyMm5vLXJlZmVycmVyLXdoZW4tZG93bmdyYWRlJTIyJTNFJTNDJTJGaWZyYW1lJTNF&#187;][\/vc_column][\/vc_row]<\/p>\n","protected":false},"author":1,"featured_media":0,"parent":0,"menu_order":0,"comment_status":"closed","ping_status":"closed","template":"","meta":[],"_links":{"self":[{"href":"https:\/\/www.kaleicisteakgastrobar.com\/ru\/wp-json\/wp\/v2\/pages\/429"}],"collection":[{"href":"https:\/\/www.kaleicisteakgastrobar.com\/ru\/wp-json\/wp\/v2\/pages"}],"about":[{"href":"https:\/\/www.kaleicisteakgastrobar.com\/ru\/wp-json\/wp\/v2\/types\/page"}],"author":[{"embeddable":true,"href":"https:\/\/www.kaleicisteakgastrobar.com\/ru\/wp-json\/wp\/v2\/users\/1"}],"replies":[{"embeddable":true,"href":"https:\/\/www.kaleicisteakgastrobar.com\/ru\/wp-json\/wp\/v2\/comments?post=429"}],"version-history":[{"count":2,"href":"https:\/\/www.kaleicisteakgastrobar.com\/ru\/wp-json\/wp\/v2\/pages\/429\/revisions"}],"predecessor-version":[{"id":432,"href":"https:\/\/www.kaleicisteakgastrobar.com\/ru\/wp-json\/wp\/v2\/pages\/429\/revisions\/432"}],"wp:attachment":[{"href":"https:\/\/www.kaleicisteakgastrobar.com\/ru\/wp-json\/wp\/v2\/media?parent=429"}],"curies":[{"name":"wp","href":"https:\/\/api.w.org\/{rel}","templated":true}]}}