{"id":437,"date":"2022-07-07T12:18:54","date_gmt":"2022-07-07T12:18:54","guid":{"rendered":"https:\/\/www.kaleicisteakgastrobar.com\/anasayfa\/"},"modified":"2024-05-11T14:43:06","modified_gmt":"2024-05-11T14:43:06","slug":"anasayfa","status":"publish","type":"page","link":"https:\/\/www.kaleicisteakgastrobar.com\/fr\/","title":{"rendered":"Page d&rsquo;accueil"},"content":{"rendered":"<p>[vc_row css=\u00a0\u00bb.vc_custom_1657202207109{margin-top: 70px !important;}\u00a0\u00bb][vc_column css_animation=\u00a0\u00bbleft-to-right\u00a0\u00bb width=\u00a0\u00bb1\/2&Prime;][vc_custom_heading text=\u00a0\u00bbBonjour !\u00a0\u00bb font_container=\u00a0\u00bbtag:h3|text_align:left|color:%23d34029&Prime; google_fonts=\u00a0\u00bbfont_family:Kaushan%20Script%3Aregular|font_style:400%20regular%3A400%3Anormal\u00a0\u00bb]<div id=\"ultimate-heading-971069e4bd7fb6e69\" class=\"uvc-heading ult-adjust-bottom-margin ultimate-heading-971069e4bd7fb6e69 uvc-9966 \" data-hspacer=\"no_spacer\"  data-halign=\"left\" style=\"text-align:left\"><div class=\"uvc-heading-spacer no_spacer\" style=\"top\"><\/div><div class=\"uvc-main-heading ult-responsive\"  data-ultimate-target='.uvc-heading.ultimate-heading-971069e4bd7fb6e69 h2'  data-responsive-json-new='{\"font-size\":\"desktop:45px;tablet:35px;tablet_portrait:35px;\",\"line-height\":\"desktop:80px;\"}' ><h2 style=\"--font-weight:theme;color:#d34029;margin-bottom:20px;\">\u00c0 PROPOS DE NOUS<\/h2><\/div><div class=\"uvc-sub-heading ult-responsive\"  data-ultimate-target='.uvc-heading.ultimate-heading-971069e4bd7fb6e69 .uvc-sub-heading '  data-responsive-json-new='{\"font-size\":\"desktop:18px;tablet:15px;tablet_portrait:15px;\",\"line-height\":\"\"}'  style=\"font-weight:normal;\">En tant que KALE\u0130\u00c7\u0130 STEAK GASTRO BAR dans la ville historique de Kalei\u00e7i, qui a \u00e9t\u00e9 construite par le roi Hadrien en 130 apr\u00e8s J.-C. et qui est l&rsquo;un des quartiers les plus populaires d&rsquo;Antalya aujourd&rsquo;hui, nous offrons des viandes vieillies \u00e0 sec pr\u00e9par\u00e9es par nos chefs avec des m\u00e9thodes traditionnelles au go\u00fbt de nos clients estim\u00e9s. Nous vous invitons \u00e0 d\u00e9couvrir le monde unique de notre menu avec une large gamme de vins, o\u00f9 vous pouvez acc\u00e9der aux saveurs acclam\u00e9es de la cuisine du monde ainsi qu&rsquo;aux viandes s\u00e9ch\u00e9es.<\/div><\/div>[vc_empty_space height=\u00a0\u00bb40px\u00a0\u00bb]<div class=\" ubtn-ctn-left \"><a class=\"ubtn-link ult-adjust-bottom-margin ubtn-left ubtn-normal \" href=\"https:\/\/www.kaleicisteakgastrobar.com\/fr\/a-propos-de-nous\/\" ><button type=\"button\" id=\"ubtn-3916\"  class=\"ubtn ult-adjust-bottom-margin ult-responsive ubtn-normal ubtn-no-hover-bg  none  ubtn-left   tooltip-69e4bd7fb6ebc\"  data-hover=\"#ffffff\" data-border-color=\"\" data-bg=\"#d34029\" data-hover-bg=\"#aa1e1e\" data-border-hover=\"\" data-shadow-hover=\"\" data-shadow-click=\"none\" data-shadow=\"\" data-shd-shadow=\"\"  data-ultimate-target='#ubtn-3916'  data-responsive-json-new='{\"font-size\":\"\",\"line-height\":\"\"}'  style=\"font-weight:normal;border-radius:5px;border-width:0px;border-color:;border-style:solid;background: #d34029;color: #ffffff;\"><span class=\"ubtn-hover\" style=\"background-color:#aa1e1e\"><\/span><span class=\"ubtn-data ubtn-text \" >\u00c0 PROPOS DE NOUS<\/span><\/button><\/a><\/div>[\/vc_column][vc_column css_animation=\u00a0\u00bbright-to-left\u00a0\u00bb width=\u00a0\u00bb1\/2&Prime; offset=\u00a0\u00bbvc_hidden-xs\u00a0\u00bb][vc_single_image image=\u00a0\u00bb657&Prime; img_size=\u00a0\u00bbfull\u00a0\u00bb alignment=\u00a0\u00bbcenter\u00a0\u00bb][\/vc_column][\/vc_row][vc_row bg_type=\u00a0\u00bbimage\u00a0\u00bb parallax_style=\u00a0\u00bbvcpb-vz-jquery\u00a0\u00bb bg_image_new=\u00a0\u00bbid^641|url^https:\/\/www.kaleicisteakgastrobar.com\/wp-content\/uploads\/2024\/05\/videocover2.jpg|caption^null|alt^null|title^videocover2|description^null\u00a0\u00bb bg_image_repeat=\u00a0\u00bbno-repeat\u00a0\u00bb bg_image_size=\u00a0\u00bbinitial\u00a0\u00bb bg_override=\u00a0\u00bbex-full\u00a0\u00bb disable_on_mobile_img_parallax=\u00a0\u00bbdisable_on_mobile_img_parallax_value\u00a0\u00bb css=\u00a0\u00bb.vc_custom_1714687025091{margin-top: 120px !important;padding-top: 150px !important;padding-bottom: 150px !important;}\u00a0\u00bb][vc_column css_animation=\u00a0\u00bbbottom-to-top\u00a0\u00bb][vc_custom_heading text=\u00a0\u00bbAvez-vous regard\u00e9 notre vid\u00e9o d&rsquo;introduction ?\u00a0\u00bb font_container=\u00a0\u00bbtag:p|font_size:40|text_align:center|color:%23ffffff\u00a0\u00bb google_fonts=\u00a0\u00bbfont_family:Kaushan%20Script%3Aregular|font_style:400%20regular%3A400%3Anormal\u00a0\u00bb][vc_empty_space]<div id=\"modal-trg-txt-wrap-4695\" class=\"ult-modal-input-wrapper ult-adjust-bottom-margin    \" data-keypress-control=\"keypress-control-enable\" data-overlay-control=\"overlay-control-enable\"><img src=\"https:\/\/www.kaleicisteakgastrobar.com\/wp-content\/uploads\/2022\/07\/play.png\" alt=\"null\" data-class-id=\"content-69e4bd7fb6f478-59576296\" class=\"ult-modal-img overlay-show ult-align-center ult-modal-image-\" data-overlay-class=\"overlay-doorvertical\"\/><\/div>\n<div class=\"ult-overlay content-69e4bd7fb6f478-59576296 \" data-class=\"content-69e4bd7fb6f478-59576296\" id=\"button-click-overlay\" style=\"background:rgba(17,4,1,0.8); display:none;\">\n\t<div class=\"ult_modal ult-fade ult-medium\">\n\t<div class=\"ult-overlay-close popup-edge-top-right\" style=\"width:80px;height:80px;  top:-40px;right:-40px;\"><div class=\"ult-overlay-close-inside\">Close<\/div><\/div>\n\t\t<div id=\"ult-modal-wrap-3719\" class=\"ult_modal-content ult-hide\" style=\"border-style:solid;border-width:2px;border-radius:0px;border-color:#333333;\">\n\t\t\t<div  data-ultimate-target='#ult-modal-wrap-3719 .ult_modal-body'  data-responsive-json-new='{\"font-size\":\"\",\"line-height\":\"\"}'  class=\"ult_modal-body ult-responsive ult-youtube\" style=\"background:#110401;\">\n\t\t\t<iframe loading=\"lazy\" title=\"YouTube video player\" src=\"https:\/\/www.youtube.com\/embed\/ooZA3K61yFg?controls=0\" width=\"560\" height=\"315\" frameborder=\"0\" allowfullscreen=\"allowfullscreen\"><\/iframe>\n\t\t\t<\/div>\n\t<\/div>\n\t<\/div>\n<\/div>[\/vc_column][\/vc_row][vc_row css=\u00a0\u00bb.vc_custom_1657210954503{padding-top: 200px !important;padding-bottom: 200px !important;}\u00a0\u00bb][vc_column css_animation=\u00a0\u00bbbottom-to-top\u00a0\u00bb width=\u00a0\u00bb1\/3&Prime; css=\u00a0\u00bb.vc_custom_1657630456675{margin-top: -100px !important;padding-top: 15px !important;padding-right: 15px !important;padding-bottom: 15px !important;padding-left: 15px !important;}\u00a0\u00bb offset=\u00a0\u00bbvc_hidden-xs\u00a0\u00bb][vc_single_image image=\u00a0\u00bb66&Prime; img_size=\u00a0\u00bbfull\u00a0\u00bb alignment=\u00a0\u00bbcenter\u00a0\u00bb][\/vc_column][vc_column css_animation=\u00a0\u00bbtop-to-bottom\u00a0\u00bb width=\u00a0\u00bb1\/3&Prime; css=\u00a0\u00bb.vc_custom_1657630496119{margin-bottom: -300px !important;padding-top: 15px !important;padding-right: 15px !important;padding-bottom: 15px !important;padding-left: 15px !important;}\u00a0\u00bb][vc_single_image image=\u00a0\u00bb67&Prime; img_size=\u00a0\u00bbfull\u00a0\u00bb alignment=\u00a0\u00bbcenter\u00a0\u00bb][\/vc_column][vc_column css_animation=\u00a0\u00bbbottom-to-top\u00a0\u00bb width=\u00a0\u00bb1\/3&Prime; css=\u00a0\u00bb.vc_custom_1657630197715{padding-top: 100px !important;padding-right: 15px !important;padding-bottom: 15px !important;padding-left: 15px !important;}\u00a0\u00bb el_class=\u00a0\u00bbmainpagemenutext\u00a0\u00bb][vc_single_image image=\u00a0\u00bb680&Prime; img_size=\u00a0\u00bbfull\u00a0\u00bb alignment=\u00a0\u00bbcenter\u00a0\u00bb][\/vc_column][\/vc_row][vc_row][vc_column][vc_column_text]\n            <div \n                class=\"elfsight-widget-form-builder elfsight-widget\" \n                data-elfsight-form-builder-options=\"%7B%22ei%22%3A%22%22%2C%22fields%22%3A%5B%7B%22type%22%3A%22heading%22%2C%22label%22%3A%22Heading%22%2C%22name%22%3A%22%22%2C%22placeholder%22%3A%22%22%2C%22options%22%3A%22Option%201%5CnOption%202%22%2C%22scaleNumbersMin%22%3A1%2C%22scaleNumbersMax%22%3A10%2C%22leftCaption%22%3A%22Not%20likely%22%2C%22rightCaption%22%3A%22Very%20likely%22%2C%22fileLinkCaption%22%3A%22Choose%20file%22%2C%22fileDragCaption%22%3A%22or%20drag%20%26%20drop%20here%22%2C%22text%22%3A%22Text%22%2C%22title%22%3A%22Informations%20sur%20les%20r%5Cu00e9servations%22%2C%22caption%22%3A%22%22%2C%22value%22%3A%22%22%2C%22labelText%22%3A%22Label%22%2C%22dateTime%22%3A%22date%22%2C%22dateFormat%22%3A%22d.m.Y%22%2C%22timeFormat%22%3A%22H%3Ai%22%2C%22starsCount%22%3A5%2C%22required%22%3Afalse%2C%22description%22%3A%22%22%2C%22columnWidth%22%3A100%2C%22elementColumnWidth%22%3A100%2C%22fileAllowedAll%22%3Atrue%2C%22fileAllowed%22%3A%5B%22.jpg%22%2C%22.jpeg%22%2C%22.png%22%2C%22.gif%22%2C%22.txt%22%2C%22.pdf%22%2C%22.doc%22%2C%22.docx%22%2C%22.pages%22%2C%22.numbers%22%2C%22.xls%22%2C%22.xlsx%22%2C%22.odt%22%2C%22.ppt%22%2C%22.pptx%22%2C%22.pps%22%2C%22.ppsx%22%2C%22.html%22%5D%2C%22fileMax%22%3A25%2C%22fields%22%3A%22%22%2C%22id%22%3A%22%5Bheading%5D%22%7D%2C%7B%22type%22%3A%22datepicker%22%2C%22label%22%3A%22Date%20et%20heure%20de%20la%20r%5Cu00e9servation%22%2C%22name%22%3A%22%22%2C%22placeholder%22%3A%22%22%2C%22options%22%3A%22Option%201%5CnOption%202%22%2C%22scaleNumbersMin%22%3A1%2C%22scaleNumbersMax%22%3A10%2C%22leftCaption%22%3A%22Not%20likely%22%2C%22rightCaption%22%3A%22Very%20likely%22%2C%22fileLinkCaption%22%3A%22Choose%20file%22%2C%22fileDragCaption%22%3A%22or%20drag%20%26%20drop%20here%22%2C%22text%22%3A%22Text%22%2C%22title%22%3A%22Heading%22%2C%22caption%22%3A%22%22%2C%22value%22%3A%22%22%2C%22labelText%22%3A%22Label%22%2C%22dateTime%22%3A%22dateAndTime%22%2C%22dateFormat%22%3A%22d.m.Y%22%2C%22timeFormat%22%3A%22H%3Ai%22%2C%22starsCount%22%3A5%2C%22required%22%3Atrue%2C%22description%22%3A%22%22%2C%22columnWidth%22%3A50%2C%22elementColumnWidth%22%3A100%2C%22fileAllowedAll%22%3Atrue%2C%22fileAllowed%22%3A%5B%22.jpg%22%2C%22.jpeg%22%2C%22.png%22%2C%22.gif%22%2C%22.txt%22%2C%22.pdf%22%2C%22.doc%22%2C%22.docx%22%2C%22.pages%22%2C%22.numbers%22%2C%22.xls%22%2C%22.xlsx%22%2C%22.odt%22%2C%22.ppt%22%2C%22.pptx%22%2C%22.pps%22%2C%22.ppsx%22%2C%22.html%22%5D%2C%22fileMax%22%3A25%2C%22fields%22%3A%22%22%2C%22id%22%3A%22%5Bdate-et-heure-de-la-r%5Cu00e9servation%5D%22%7D%2C%7B%22type%22%3A%22number%22%2C%22label%22%3A%22Nombre%20total%20de%20personnes%22%2C%22name%22%3A%22%22%2C%22placeholder%22%3A%22%22%2C%22options%22%3A%22Option%201%5CnOption%202%22%2C%22scaleNumbersMin%22%3A1%2C%22scaleNumbersMax%22%3A10%2C%22leftCaption%22%3A%22Not%20likely%22%2C%22rightCaption%22%3A%22Very%20likely%22%2C%22fileLinkCaption%22%3A%22Choose%20file%22%2C%22fileDragCaption%22%3A%22or%20drag%20%26%20drop%20here%22%2C%22text%22%3A%22Text%22%2C%22title%22%3A%22Heading%22%2C%22caption%22%3A%22%22%2C%22value%22%3A%22%22%2C%22labelText%22%3A%22Label%22%2C%22dateTime%22%3A%22date%22%2C%22dateFormat%22%3A%22d.m.Y%22%2C%22timeFormat%22%3A%22H%3Ai%22%2C%22starsCount%22%3A5%2C%22required%22%3Atrue%2C%22description%22%3A%22%22%2C%22columnWidth%22%3A50%2C%22elementColumnWidth%22%3A100%2C%22fileAllowedAll%22%3Atrue%2C%22fileAllowed%22%3A%5B%22.jpg%22%2C%22.jpeg%22%2C%22.png%22%2C%22.gif%22%2C%22.txt%22%2C%22.pdf%22%2C%22.doc%22%2C%22.docx%22%2C%22.pages%22%2C%22.numbers%22%2C%22.xls%22%2C%22.xlsx%22%2C%22.odt%22%2C%22.ppt%22%2C%22.pptx%22%2C%22.pps%22%2C%22.ppsx%22%2C%22.html%22%5D%2C%22fileMax%22%3A25%2C%22fields%22%3A%22%22%2C%22id%22%3A%22%5Bnombre-total-de-personnes%5D%22%7D%2C%7B%22type%22%3A%22heading%22%2C%22label%22%3A%22Heading%22%2C%22name%22%3A%22%22%2C%22placeholder%22%3A%22%22%2C%22options%22%3A%22Option%201%5CnOption%202%22%2C%22scaleNumbersMin%22%3A1%2C%22scaleNumbersMax%22%3A10%2C%22leftCaption%22%3A%22Not%20likely%22%2C%22rightCaption%22%3A%22Very%20likely%22%2C%22fileLinkCaption%22%3A%22Choose%20file%22%2C%22fileDragCaption%22%3A%22or%20drag%20%26%20drop%20here%22%2C%22text%22%3A%22Text%22%2C%22title%22%3A%22Coordonn%5Cu00e9es%22%2C%22caption%22%3A%22%22%2C%22value%22%3A%22%22%2C%22labelText%22%3A%22Label%22%2C%22dateTime%22%3A%22date%22%2C%22dateFormat%22%3A%22d.m.Y%22%2C%22timeFormat%22%3A%22H%3Ai%22%2C%22starsCount%22%3A5%2C%22required%22%3Afalse%2C%22description%22%3A%22%22%2C%22columnWidth%22%3A100%2C%22elementColumnWidth%22%3A100%2C%22fileAllowedAll%22%3Atrue%2C%22fileAllowed%22%3A%5B%22.jpg%22%2C%22.jpeg%22%2C%22.png%22%2C%22.gif%22%2C%22.txt%22%2C%22.pdf%22%2C%22.doc%22%2C%22.docx%22%2C%22.pages%22%2C%22.numbers%22%2C%22.xls%22%2C%22.xlsx%22%2C%22.odt%22%2C%22.ppt%22%2C%22.pptx%22%2C%22.pps%22%2C%22.ppsx%22%2C%22.html%22%5D%2C%22fileMax%22%3A25%2C%22fields%22%3A%22%22%2C%22id%22%3A%22%5Bheading%5D%22%7D%2C%7B%22type%22%3A%22text%22%2C%22label%22%3A%22Nom%20Nom%20de%20famille%22%2C%22name%22%3A%22%22%2C%22placeholder%22%3A%22%22%2C%22options%22%3A%22Option%201%5CnOption%202%22%2C%22scaleNumbersMin%22%3A1%2C%22scaleNumbersMax%22%3A10%2C%22leftCaption%22%3A%22Not%20likely%22%2C%22rightCaption%22%3A%22Very%20likely%22%2C%22fileLinkCaption%22%3A%22Choose%20file%22%2C%22fileDragCaption%22%3A%22or%20drag%20%26%20drop%20here%22%2C%22text%22%3A%22Text%22%2C%22title%22%3A%22Heading%22%2C%22caption%22%3A%22%22%2C%22value%22%3A%22%22%2C%22labelText%22%3A%22Label%22%2C%22dateTime%22%3A%22date%22%2C%22dateFormat%22%3A%22d.m.Y%22%2C%22timeFormat%22%3A%22H%3Ai%22%2C%22starsCount%22%3A5%2C%22required%22%3Atrue%2C%22description%22%3A%22%22%2C%22columnWidth%22%3A100%2C%22elementColumnWidth%22%3A100%2C%22fileAllowedAll%22%3Atrue%2C%22fileAllowed%22%3A%5B%22.jpg%22%2C%22.jpeg%22%2C%22.png%22%2C%22.gif%22%2C%22.txt%22%2C%22.pdf%22%2C%22.doc%22%2C%22.docx%22%2C%22.pages%22%2C%22.numbers%22%2C%22.xls%22%2C%22.xlsx%22%2C%22.odt%22%2C%22.ppt%22%2C%22.pptx%22%2C%22.pps%22%2C%22.ppsx%22%2C%22.html%22%5D%2C%22fileMax%22%3A25%2C%22fields%22%3A%22%22%2C%22id%22%3A%22%5Bnom-nom-de-famille%5D%22%7D%2C%7B%22type%22%3A%22email%22%2C%22label%22%3A%22Adresse%20%5Cu00e9lectronique%22%2C%22name%22%3A%22%22%2C%22placeholder%22%3A%22%22%2C%22options%22%3A%22Option%201%5CnOption%202%22%2C%22scaleNumbersMin%22%3A1%2C%22scaleNumbersMax%22%3A10%2C%22leftCaption%22%3A%22Not%20likely%22%2C%22rightCaption%22%3A%22Very%20likely%22%2C%22fileLinkCaption%22%3A%22Choose%20file%22%2C%22fileDragCaption%22%3A%22or%20drag%20%26%20drop%20here%22%2C%22text%22%3A%22Text%22%2C%22title%22%3A%22Heading%22%2C%22caption%22%3A%22%22%2C%22value%22%3A%22%22%2C%22labelText%22%3A%22Label%22%2C%22dateTime%22%3A%22date%22%2C%22dateFormat%22%3A%22d.m.Y%22%2C%22timeFormat%22%3A%22H%3Ai%22%2C%22starsCount%22%3A5%2C%22required%22%3Atrue%2C%22description%22%3A%22%22%2C%22columnWidth%22%3A50%2C%22elementColumnWidth%22%3A100%2C%22fileAllowedAll%22%3Atrue%2C%22fileAllowed%22%3A%5B%22.jpg%22%2C%22.jpeg%22%2C%22.png%22%2C%22.gif%22%2C%22.txt%22%2C%22.pdf%22%2C%22.doc%22%2C%22.docx%22%2C%22.pages%22%2C%22.numbers%22%2C%22.xls%22%2C%22.xlsx%22%2C%22.odt%22%2C%22.ppt%22%2C%22.pptx%22%2C%22.pps%22%2C%22.ppsx%22%2C%22.html%22%5D%2C%22fileMax%22%3A25%2C%22fields%22%3A%22%22%2C%22id%22%3A%22%5Badresse-%5Cu00e9lectronique%5D%22%7D%2C%7B%22type%22%3A%22phone%22%2C%22label%22%3A%22Num%5Cu00e9ro%20de%20t%5Cu00e9l%5Cu00e9phone%22%2C%22name%22%3A%22%22%2C%22placeholder%22%3A%22%22%2C%22options%22%3A%22Option%201%5CnOption%202%22%2C%22scaleNumbersMin%22%3A1%2C%22scaleNumbersMax%22%3A10%2C%22leftCaption%22%3A%22Not%20likely%22%2C%22rightCaption%22%3A%22Very%20likely%22%2C%22fileLinkCaption%22%3A%22Choose%20file%22%2C%22fileDragCaption%22%3A%22or%20drag%20%26%20drop%20here%22%2C%22text%22%3A%22Text%22%2C%22title%22%3A%22Heading%22%2C%22caption%22%3A%22%22%2C%22value%22%3A%22%22%2C%22labelText%22%3A%22Label%22%2C%22dateTime%22%3A%22date%22%2C%22dateFormat%22%3A%22d.m.Y%22%2C%22timeFormat%22%3A%22H%3Ai%22%2C%22starsCount%22%3A5%2C%22required%22%3Atrue%2C%22description%22%3A%22%22%2C%22columnWidth%22%3A50%2C%22elementColumnWidth%22%3A100%2C%22fileAllowedAll%22%3Atrue%2C%22fileAllowed%22%3A%5B%22.jpg%22%2C%22.jpeg%22%2C%22.png%22%2C%22.gif%22%2C%22.txt%22%2C%22.pdf%22%2C%22.doc%22%2C%22.docx%22%2C%22.pages%22%2C%22.numbers%22%2C%22.xls%22%2C%22.xlsx%22%2C%22.odt%22%2C%22.ppt%22%2C%22.pptx%22%2C%22.pps%22%2C%22.ppsx%22%2C%22.html%22%5D%2C%22fileMax%22%3A25%2C%22fields%22%3A%22%22%2C%22id%22%3A%22%5Bnum%5Cu00e9ro-de-t%5Cu00e9l%5Cu00e9phone%5D%22%7D%2C%7B%22type%22%3A%22heading%22%2C%22label%22%3A%22Heading%22%2C%22name%22%3A%22%22%2C%22placeholder%22%3A%22%22%2C%22options%22%3A%22Option%201%5CnOption%202%22%2C%22scaleNumbersMin%22%3A1%2C%22scaleNumbersMax%22%3A10%2C%22leftCaption%22%3A%22Not%20likely%22%2C%22rightCaption%22%3A%22Very%20likely%22%2C%22fileLinkCaption%22%3A%22Choose%20file%22%2C%22fileDragCaption%22%3A%22or%20drag%20%26%20drop%20here%22%2C%22text%22%3A%22Text%22%2C%22title%22%3A%22Note%20de%20r%5Cu00e9servation%22%2C%22caption%22%3A%22%22%2C%22value%22%3A%22%22%2C%22labelText%22%3A%22Label%22%2C%22dateTime%22%3A%22date%22%2C%22dateFormat%22%3A%22d.m.Y%22%2C%22timeFormat%22%3A%22H%3Ai%22%2C%22starsCount%22%3A5%2C%22required%22%3Afalse%2C%22description%22%3A%22%22%2C%22columnWidth%22%3A100%2C%22elementColumnWidth%22%3A100%2C%22fileAllowedAll%22%3Atrue%2C%22fileAllowed%22%3A%5B%22.jpg%22%2C%22.jpeg%22%2C%22.png%22%2C%22.gif%22%2C%22.txt%22%2C%22.pdf%22%2C%22.doc%22%2C%22.docx%22%2C%22.pages%22%2C%22.numbers%22%2C%22.xls%22%2C%22.xlsx%22%2C%22.odt%22%2C%22.ppt%22%2C%22.pptx%22%2C%22.pps%22%2C%22.ppsx%22%2C%22.html%22%5D%2C%22fileMax%22%3A25%2C%22fields%22%3A%22%22%2C%22id%22%3A%22%5Bheading%5D%22%7D%2C%7B%22type%22%3A%22textarea%22%2C%22label%22%3A%22Vous%20pouvez%20envoyer%20une%20note%20sur%20votre%20r%5Cu00e9servation%22%2C%22name%22%3A%22%22%2C%22placeholder%22%3A%22%22%2C%22options%22%3A%22Option%201%5CnOption%202%22%2C%22scaleNumbersMin%22%3A1%2C%22scaleNumbersMax%22%3A10%2C%22leftCaption%22%3A%22Not%20likely%22%2C%22rightCaption%22%3A%22Very%20likely%22%2C%22fileLinkCaption%22%3A%22Choose%20file%22%2C%22fileDragCaption%22%3A%22or%20drag%20%26%20drop%20here%22%2C%22text%22%3A%22Text%22%2C%22title%22%3A%22Heading%22%2C%22caption%22%3A%22%22%2C%22value%22%3A%22%22%2C%22labelText%22%3A%22Label%22%2C%22dateTime%22%3A%22date%22%2C%22dateFormat%22%3A%22d.m.Y%22%2C%22timeFormat%22%3A%22H%3Ai%22%2C%22starsCount%22%3A5%2C%22required%22%3Afalse%2C%22description%22%3A%22%22%2C%22columnWidth%22%3A100%2C%22elementColumnWidth%22%3A100%2C%22fileAllowedAll%22%3Atrue%2C%22fileAllowed%22%3A%5B%22.jpg%22%2C%22.jpeg%22%2C%22.png%22%2C%22.gif%22%2C%22.txt%22%2C%22.pdf%22%2C%22.doc%22%2C%22.docx%22%2C%22.pages%22%2C%22.numbers%22%2C%22.xls%22%2C%22.xlsx%22%2C%22.odt%22%2C%22.ppt%22%2C%22.pptx%22%2C%22.pps%22%2C%22.ppsx%22%2C%22.html%22%5D%2C%22fileMax%22%3A25%2C%22fields%22%3A%22%22%2C%22id%22%3A%22%5Bvous-pouvez-envoyer-une-note-sur-votre-r%5Cu00e9servation%5D%22%7D%5D%2C%22headerActive%22%3Atrue%2C%22headerTitle%22%3A%22IMPORTANT%22%2C%22headerText%22%3A%22IMPORTANTEn%20raison%20de%20l%27affluence%20du%2014%20f%5Cu00e9vrier%2C%20jour%20de%20la%20Saint-Valentin%2C%20il%20n%27y%20a%20plus%20de%20place%20entre%2018h00%20et%2022h00.%20Nous%20vous%20remercions%20de%20votre%20compr%5Cu00e9hension.%3Cbr%3E%22%2C%22headerPictureUrl%22%3A%22%22%2C%22footerText%22%3A%22%22%2C%22actionAfterSubmit%22%3A%22message%22%2C%22successMessage%22%3A%22Votre%20demande%20de%20r%5Cu00e9servation%20a%20bien%20%5Cu00e9t%5Cu00e9%20re%5Cu00e7ue.%20Nous%20vous%20remercions%20de%20votre%20demande.%22%2C%22successContinueText%22%3A%22Tamam%22%2C%22redirectUrl%22%3A%22https%3A%5C%2F%5C%2Fexample.com%22%2C%22submitText%22%3A%22Faire%20une%20r%5Cu00e9servation%22%2C%22stepsMessagesDivider%22%3Anull%2C%22stepsMessagesTitle%22%3Anull%2C%22stepsText%22%3A%22step%20%251%20of%20%252%22%2C%22stepBackText%22%3A%22Back%22%2C%22stepNextText%22%3A%22Next%22%2C%22errorMessageAllRequired%22%3A%22Veuillez%20remplir%20tous%20les%20champs%20obligatoires%22%2C%22errorMessageAllIncorrect%22%3A%22Veuillez%20remplir%20tous%20les%20champs%20correctement%22%2C%22errorMessageSetMailTo%22%3A%22Veuillez%20indiquer%20l%27adresse%20%5Cu00e9lectronique%20%5Cu00e0%20laquelle%20les%20messages%20seront%20envoy%5Cu00e9s.%22%2C%22errorMessageRequiredCaptcha%22%3A%22Veuillez%20saisir%20le%20captcha%22%2C%22errorMessageFileSizeLimit%22%3A%22La%20limite%20de%20taille%20des%20fichiers%20est%20d%5Cu00e9pass%5Cu00e9e%22%2C%22errorMessageFileNotAllowed%22%3A%22Extension%20de%20fichier%20non%20autoris%5Cu00e9e%22%2C%22errorMessageUnknown%22%3A%22Erreur%20inconnue%22%2C%22errorMessageRequired%22%3A%22Espace%20requis%22%2C%22errorMessageInvalid%22%3A%22Invalide%22%2C%22errorMessageInvalidEmail%22%3A%22Courriel%20non%20valide%22%2C%22errorMessageInvalidPhone%22%3A%22Num%5Cu00e9ro%20de%20t%5Cu00e9l%5Cu00e9phone%20invalide%22%2C%22errorMessageInvalidUrl%22%3A%22URL%20invalide%22%2C%22calendarWeekdaysShorthand%22%3A%22LU%5CnMA%5CnME%5CnJE%5CnVE%5CnSA%5CnDI%22%2C%22calendarMonthsLonghand%22%3A%22Janvier%5CnF%5Cu00e9vrier%5CnMart%5CnAvril%5CnMai%5CnJuin%5CnJuillet%5CnAo%5Cu00fbt%5CnSeptembre%5CnOctobre%5CnNovembre%5CnD%5Cu00e9cembre%22%2C%22showProgress%22%3Atrue%2C%22recaptchaType%22%3A%22invisible%22%2C%22integrationsGoogleToken%22%3A%22%22%2C%22integrationsGoogleSheetId%22%3A%22%22%2C%22layout%22%3A%22floating%22%2C%22floatingIcon%22%3A%22compose%22%2C%22floatingText%22%3A%22R%5Cu00e9servation%22%2C%22floatingPosition%22%3A%22left%22%2C%22width%22%3A%22580%22%2C%22style%22%3A%22flat%22%2C%22mainColor%22%3A%22rgb%28211%2C%2064%2C%2041%29%22%2C%22apiUrl%22%3A%22https%3A%5C%2F%5C%2Fwww.kaleicisteakgastrobar.com%5C%2Ffr%5C%2Fwp-json%5C%2Felfsight-form-builder%5C%2Fapi%22%2C%22recaptchaKeyCheckbox%22%3A%226LfXGHgUAAAAAHNIE_EH7kEI1l4xvf_ynIlg5bfo%22%2C%22recaptchaKeyInvisible%22%3A%226Ld1CXgUAAAAAFTHmixC1Eo-NP7_3ddB1YOj9AfX%22%2C%22widgetId%22%3A%2219%22%7D\" \n                data-elfsight-form-builder-version=\"1.5.1\"\n                data-elfsight-widget-id=\"elfsight-form-builder-19\">\n            <\/div>\n            [\/vc_column_text][\/vc_column][\/vc_row]<\/p>\n","protected":false},"excerpt":{"rendered":"<p>[vc_row css=\u00a0\u00bb.vc_custom_1657202207109{margin-top: 70px !important;}\u00a0\u00bb][vc_column css_animation=\u00a0\u00bbleft-to-right\u00a0\u00bb width=\u00a0\u00bb1\/2&Prime;][vc_custom_heading text=\u00a0\u00bbBonjour !\u00a0\u00bb font_container=\u00a0\u00bbtag:h3|text_align:left|color:%23d34029&Prime; google_fonts=\u00a0\u00bbfont_family:Kaushan%20Script%3Aregular|font_style:400%20regular%3A400%3Anormal\u00a0\u00bb][vc_empty_space height=\u00a0\u00bb40px\u00a0\u00bb][\/vc_column][vc_column css_animation=\u00a0\u00bbright-to-left\u00a0\u00bb width=\u00a0\u00bb1\/2&Prime; offset=\u00a0\u00bbvc_hidden-xs\u00a0\u00bb][vc_single_image image=\u00a0\u00bb657&Prime; img_size=\u00a0\u00bbfull\u00a0\u00bb alignment=\u00a0\u00bbcenter\u00a0\u00bb][\/vc_column][\/vc_row][vc_row bg_type=\u00a0\u00bbimage\u00a0\u00bb parallax_style=\u00a0\u00bbvcpb-vz-jquery\u00a0\u00bb bg_image_new=\u00a0\u00bbid^641|url^https:\/\/www.kaleicisteakgastrobar.com\/wp-content\/uploads\/2024\/05\/videocover2.jpg|caption^null|alt^null|title^videocover2|description^null\u00a0\u00bb bg_image_repeat=\u00a0\u00bbno-repeat\u00a0\u00bb bg_image_size=\u00a0\u00bbinitial\u00a0\u00bb bg_override=\u00a0\u00bbex-full\u00a0\u00bb disable_on_mobile_img_parallax=\u00a0\u00bbdisable_on_mobile_img_parallax_value\u00a0\u00bb css=\u00a0\u00bb.vc_custom_1714687025091{margin-top: 120px !important;padding-top: 150px !important;padding-bottom: 150px !important;}\u00a0\u00bb][vc_column css_animation=\u00a0\u00bbbottom-to-top\u00a0\u00bb][vc_custom_heading text=\u00a0\u00bbAvez-vous regard\u00e9 notre vid\u00e9o d&rsquo;introduction ?\u00a0\u00bb font_container=\u00a0\u00bbtag:p|font_size:40|text_align:center|color:%23ffffff\u00a0\u00bb google_fonts=\u00a0\u00bbfont_family:Kaushan%20Script%3Aregular|font_style:400%20regular%3A400%3Anormal\u00a0\u00bb][vc_empty_space][\/vc_column][\/vc_row][vc_row css=\u00a0\u00bb.vc_custom_1657210954503{padding-top: 200px !important;padding-bottom: 200px !important;}\u00a0\u00bb][vc_column css_animation=\u00a0\u00bbbottom-to-top\u00a0\u00bb width=\u00a0\u00bb1\/3&Prime; css=\u00a0\u00bb.vc_custom_1657630456675{margin-top: -100px !important;padding-top: 15px !important;padding-right: 15px !important;padding-bottom: 15px&hellip;<\/p>\n","protected":false},"author":1,"featured_media":0,"parent":0,"menu_order":0,"comment_status":"closed","ping_status":"closed","template":"","meta":[],"_links":{"self":[{"href":"https:\/\/www.kaleicisteakgastrobar.com\/fr\/wp-json\/wp\/v2\/pages\/437"}],"collection":[{"href":"https:\/\/www.kaleicisteakgastrobar.com\/fr\/wp-json\/wp\/v2\/pages"}],"about":[{"href":"https:\/\/www.kaleicisteakgastrobar.com\/fr\/wp-json\/wp\/v2\/types\/page"}],"author":[{"embeddable":true,"href":"https:\/\/www.kaleicisteakgastrobar.com\/fr\/wp-json\/wp\/v2\/users\/1"}],"replies":[{"embeddable":true,"href":"https:\/\/www.kaleicisteakgastrobar.com\/fr\/wp-json\/wp\/v2\/comments?post=437"}],"version-history":[{"count":8,"href":"https:\/\/www.kaleicisteakgastrobar.com\/fr\/wp-json\/wp\/v2\/pages\/437\/revisions"}],"predecessor-version":[{"id":692,"href":"https:\/\/www.kaleicisteakgastrobar.com\/fr\/wp-json\/wp\/v2\/pages\/437\/revisions\/692"}],"wp:attachment":[{"href":"https:\/\/www.kaleicisteakgastrobar.com\/fr\/wp-json\/wp\/v2\/media?parent=437"}],"curies":[{"name":"wp","href":"https:\/\/api.w.org\/{rel}","templated":true}]}}