{"id":506,"date":"2022-07-08T16:49:18","date_gmt":"2022-07-08T16:49:18","guid":{"rendered":"https:\/\/www.kaleicisteakgastrobar.com\/iletisim\/"},"modified":"2024-04-10T14:49:30","modified_gmt":"2024-04-10T14:49:30","slug":"kontakt","status":"publish","type":"page","link":"https:\/\/www.kaleicisteakgastrobar.com\/de\/kontakt\/","title":{"rendered":"Kontakt"},"content":{"rendered":"<p>[vc_row row_content_width=&#8220;grid&#8220; css=&#8220;.vc_custom_1652903023809{padding-top: 160px !important;padding-bottom: 60px !important;}&#8220; pattern_svg_path=&#8220;&#8220;][vc_column width=&#8220;1\/3&#8243; css=&#8220;.vc_custom_1654269652414{margin-top: 20px !important;}&#8220;]<div class=\"aio-icon-component    style_1\"><div id=\"Info-box-wrap-2964\" class=\"aio-icon-box left-icon\" style=\"\"  ><div class=\"aio-icon-left\"><div class=\"ult-just-icon-wrapper  \"><div class=\"align-icon\" style=\"text-align:center;\">\n<div class=\"aio-icon-img \" style=\"font-size:55px;display:inline-block;\" >\n\t<img class=\"img-icon\" alt=\"null\" src=\"https:\/\/www.kaleicisteakgastrobar.com\/wp-content\/uploads\/2022\/07\/phone.png\"\/>\n<\/div><\/div><\/div><\/div><div class=\"aio-ibd-block\"><div class=\"aio-icon-header\" ><h3 class=\"aio-icon-title ult-responsive\"  data-ultimate-target='#Info-box-wrap-2964 .aio-icon-title'  data-responsive-json-new='{\"font-size\":\"tablet:13px;tablet_portrait:13px;\",\"line-height\":\"\"}'  style=\"\">UNSERE TELEFONNUMMER<\/h3><\/div> <!-- header --><div class=\"aio-icon-description ult-responsive\"  data-ultimate-target='#Info-box-wrap-2964 .aio-icon-description'  data-responsive-json-new='{\"font-size\":\"tablet:13px;tablet_portrait:13px;\",\"line-height\":\"\"}'  style=\"\">+90 544 668 07 00<\/div> <!-- description --><\/div> <!-- aio-ibd-block --><\/div> <!-- aio-icon-box --><\/div> <!-- aio-icon-component -->[\/vc_column][vc_column width=&#8220;1\/3&#8243; css=&#8220;.vc_custom_1654269658146{margin-top: 20px !important;}&#8220;]<div class=\"aio-icon-component    style_1\"><div id=\"Info-box-wrap-4159\" class=\"aio-icon-box left-icon\" style=\"\"  ><div class=\"aio-icon-left\"><div class=\"ult-just-icon-wrapper  \"><div class=\"align-icon\" style=\"text-align:center;\">\n<div class=\"aio-icon-img \" style=\"font-size:55px;display:inline-block;\" >\n\t<img class=\"img-icon\" alt=\"null\" src=\"https:\/\/www.kaleicisteakgastrobar.com\/wp-content\/uploads\/2022\/07\/email.png\"\/>\n<\/div><\/div><\/div><\/div><div class=\"aio-ibd-block\"><div class=\"aio-icon-header\" ><h3 class=\"aio-icon-title ult-responsive\"  data-ultimate-target='#Info-box-wrap-4159 .aio-icon-title'  data-responsive-json-new='{\"font-size\":\"tablet:13px;tablet_portrait:13px;\",\"line-height\":\"\"}'  style=\"\">UNSERE E-MAIL ADRESSE<\/h3><\/div> <!-- header --><div class=\"aio-icon-description ult-responsive\"  data-ultimate-target='#Info-box-wrap-4159 .aio-icon-description'  data-responsive-json-new='{\"font-size\":\"tablet:13px;tablet_portrait:13px;\",\"line-height\":\"\"}'  style=\"\">info@kaleicisteakgastrobar.com<\/div> <!-- description --><\/div> <!-- aio-ibd-block --><\/div> <!-- aio-icon-box --><\/div> <!-- aio-icon-component -->[\/vc_column][vc_column width=&#8220;1\/3&#8243; css=&#8220;.vc_custom_1654269665309{margin-top: 20px !important;}&#8220;]<div class=\"aio-icon-component    style_1\"><div id=\"Info-box-wrap-7212\" class=\"aio-icon-box left-icon\" style=\"\"  ><div class=\"aio-icon-left\"><div class=\"ult-just-icon-wrapper  \"><div class=\"align-icon\" style=\"text-align:center;\">\n<div class=\"aio-icon-img \" style=\"font-size:55px;display:inline-block;\" >\n\t<img class=\"img-icon\" alt=\"null\" src=\"https:\/\/www.kaleicisteakgastrobar.com\/wp-content\/uploads\/2022\/07\/map.png\"\/>\n<\/div><\/div><\/div><\/div><div class=\"aio-ibd-block\"><div class=\"aio-icon-header\" ><h3 class=\"aio-icon-title ult-responsive\"  data-ultimate-target='#Info-box-wrap-7212 .aio-icon-title'  data-responsive-json-new='{\"font-size\":\"tablet:13px;tablet_portrait:13px;\",\"line-height\":\"\"}'  style=\"\">UNSERE ADRESSE<\/h3><\/div> <!-- header --><div class=\"aio-icon-description ult-responsive\"  data-ultimate-target='#Info-box-wrap-7212 .aio-icon-description'  data-responsive-json-new='{\"font-size\":\"tablet:13px;tablet_portrait:13px;\",\"line-height\":\"\"}'  style=\"\">K\u0131l\u0131n\u00e7arslan Mahallesi Hesap\u00e7\u0131 Sk. No:64 Muratpa\u015fa \/ ANTALYA<\/div> <!-- description --><\/div> <!-- aio-ibd-block --><\/div> <!-- aio-icon-box --><\/div> <!-- aio-icon-component -->[\/vc_column][\/vc_row][vc_row row_content_width=&#8220;grid&#8220; pattern_svg_path=&#8220;&#8220; css=&#8220;.vc_custom_1652901310303{padding-top: 60px !important;padding-bottom: 120px !important;}&#8220;][vc_column width=&#8220;1\/2&#8243; css=&#8220;.vc_custom_1652902875657{background-color: rgba(255,255,255,0.09) !important;*background-color: rgb(255,255,255) !important;border-radius: 1px !important;}&#8220;][vc_column_text]\n            <div \n                class=\"elfsight-widget-form-builder elfsight-widget\" \n                data-elfsight-form-builder-options=\"%7B%22ei%22%3A%22%22%2C%22fields%22%3A%5B%7B%22type%22%3A%22text%22%2C%22placeholder%22%3A%22%22%2C%22description%22%3A%22%22%2C%22label%22%3A%22Name%20Nachname%22%2C%22required%22%3Atrue%2C%22columnWidth%22%3A50%2C%22id%22%3A%22%5Bname-nachname%5D%22%7D%2C%7B%22type%22%3A%22text%22%2C%22label%22%3A%22Thema%22%2C%22name%22%3A%22%22%2C%22placeholder%22%3A%22%22%2C%22options%22%3A%22Option%201%5CnOption%202%22%2C%22scaleNumbersMin%22%3A1%2C%22scaleNumbersMax%22%3A10%2C%22leftCaption%22%3A%22Not%20likely%22%2C%22rightCaption%22%3A%22Very%20likely%22%2C%22fileLinkCaption%22%3A%22Choose%20file%22%2C%22fileDragCaption%22%3A%22or%20drag%20%26%20drop%20here%22%2C%22text%22%3A%22Text%22%2C%22title%22%3A%22Heading%22%2C%22caption%22%3A%22%22%2C%22value%22%3A%22%22%2C%22labelText%22%3A%22Label%22%2C%22dateTime%22%3A%22date%22%2C%22dateFormat%22%3A%22d.m.Y%22%2C%22timeFormat%22%3A%22H%3Ai%22%2C%22starsCount%22%3A5%2C%22required%22%3Atrue%2C%22description%22%3A%22%22%2C%22columnWidth%22%3A50%2C%22elementColumnWidth%22%3A100%2C%22fileAllowedAll%22%3Atrue%2C%22fileAllowed%22%3A%5B%22.jpg%22%2C%22.jpeg%22%2C%22.png%22%2C%22.gif%22%2C%22.txt%22%2C%22.pdf%22%2C%22.doc%22%2C%22.docx%22%2C%22.pages%22%2C%22.numbers%22%2C%22.xls%22%2C%22.xlsx%22%2C%22.odt%22%2C%22.ppt%22%2C%22.pptx%22%2C%22.pps%22%2C%22.ppsx%22%2C%22.html%22%5D%2C%22fileMax%22%3A25%2C%22fields%22%3A%22%22%2C%22id%22%3A%22%5Bthema%5D%22%7D%2C%7B%22type%22%3A%22email%22%2C%22label%22%3A%22E-Mail%20Adresse%22%2C%22description%22%3A%22%22%2C%22placeholder%22%3A%22%22%2C%22required%22%3Atrue%2C%22columnWidth%22%3A50%2C%22id%22%3A%22%5Be-mail-adresse%5D%22%7D%2C%7B%22type%22%3A%22phone%22%2C%22label%22%3A%22Telefon%20Nummer%22%2C%22placeholder%22%3A%22%22%2C%22description%22%3A%22%22%2C%22required%22%3Afalse%2C%22columnWidth%22%3A50%2C%22id%22%3A%22%5Btelefon-nummer%5D%22%7D%2C%7B%22type%22%3A%22textarea%22%2C%22label%22%3A%22Nachricht%22%2C%22description%22%3A%22%22%2C%22placeholder%22%3A%22%22%2C%22required%22%3Atrue%2C%22columnWidth%22%3A100%2C%22id%22%3A%22%5Bnachricht%5D%22%7D%5D%2C%22headerActive%22%3Afalse%2C%22headerTitle%22%3A%22Get%20in%20Touch%22%2C%22headerText%22%3A%22Leave%20your%20message%20and%20we%27ll%20get%20back%20to%20you%20shortly.%22%2C%22headerPictureUrl%22%3A%22message%22%2C%22footerText%22%3A%22%22%2C%22actionAfterSubmit%22%3A%22message%22%2C%22successMessage%22%3A%22Vielen%20Dank%2C%20dass%20Sie%20uns%20kontaktiert%20haben.%20Wir%20werden%20uns%20so%20schnell%20wie%20m%5Cu00f6glich%20bei%20Ihnen%20melden.%22%2C%22successContinueText%22%3A%22TAMAM%22%2C%22redirectUrl%22%3A%22https%3A%5C%2F%5C%2Fexample.com%22%2C%22submitText%22%3A%22Senden%20Sie%22%2C%22stepsMessagesDivider%22%3Anull%2C%22stepsMessagesTitle%22%3Anull%2C%22stepsText%22%3A%22step%20%251%20of%20%252%22%2C%22stepBackText%22%3A%22Back%22%2C%22stepNextText%22%3A%22Next%22%2C%22errorMessageAllRequired%22%3A%22Bitte%20f%5Cu00fcllen%20Sie%20alle%20erforderlichen%20Felder%20aus%22%2C%22errorMessageAllIncorrect%22%3A%22Bitte%20f%5Cu00fcllen%20Sie%20alle%20Felder%20korrekt%20aus%22%2C%22errorMessageSetMailTo%22%3A%22Bitte%20geben%20Sie%20die%20E-Mail-Adresse%20ein%2C%20an%20die%20die%20Nachrichten%20gesendet%20werden%20sollen%22%2C%22errorMessageRequiredCaptcha%22%3A%22Bitte%20geben%20Sie%20das%20Captcha%20ein%22%2C%22errorMessageFileSizeLimit%22%3A%22Dateigr%5Cu00f6%5Cu00dfenlimit%20%5Cu00fcberschritten%22%2C%22errorMessageFileNotAllowed%22%3A%22Dateierweiterung%20nicht%20erlaubt%22%2C%22errorMessageUnknown%22%3A%22Unbekannter%20Fehler%22%2C%22errorMessageRequired%22%3A%22Erforderlicher%20Platz%22%2C%22errorMessageInvalid%22%3A%22Ung%5Cu00fcltig%22%2C%22errorMessageInvalidEmail%22%3A%22Ung%5Cu00fcltige%20E-Mail%22%2C%22errorMessageInvalidPhone%22%3A%22Ung%5Cu00fcltige%20Rufnummer%22%2C%22errorMessageInvalidUrl%22%3A%22Ung%5Cu00fcltige%20URL%22%2C%22calendarWeekdaysShorthand%22%3A%22Sun%5CnMon%5CnTue%5CnWed%5CnThu%5CnFri%5CnSat%22%2C%22calendarMonthsLonghand%22%3A%22January%5CnFebruary%5CnMarch%5CnApril%5CnMay%5CnJune%5CnJuly%5CnAugust%5CnSeptember%5CnOctober%5CnNovember%5CnDecember%22%2C%22showProgress%22%3Atrue%2C%22recaptchaType%22%3A%22invisible%22%2C%22integrationsGoogleToken%22%3A%22%22%2C%22integrationsGoogleSheetId%22%3A%22%22%2C%22layout%22%3A%22default%22%2C%22floatingIcon%22%3A%22message%22%2C%22floatingText%22%3A%22%22%2C%22floatingPosition%22%3A%22right%22%2C%22width%22%3A%22580%22%2C%22style%22%3A%22flat%22%2C%22mainColor%22%3A%22rgb%28211%2C%2064%2C%2041%29%22%2C%22apiUrl%22%3A%22https%3A%5C%2F%5C%2Fwww.kaleicisteakgastrobar.com%5C%2Fde%5C%2Fwp-json%5C%2Felfsight-form-builder%5C%2Fapi%22%2C%22recaptchaKeyCheckbox%22%3A%226LfXGHgUAAAAAHNIE_EH7kEI1l4xvf_ynIlg5bfo%22%2C%22recaptchaKeyInvisible%22%3A%226Ld1CXgUAAAAAFTHmixC1Eo-NP7_3ddB1YOj9AfX%22%2C%22widgetId%22%3A%2210%22%7D\" \n                data-elfsight-form-builder-version=\"1.5.1\"\n                data-elfsight-widget-id=\"elfsight-form-builder-10\">\n            <\/div>\n            [\/vc_column_text][\/vc_column][vc_column width=&#8220;1\/2&#8243;][vc_gmaps link=&#8220;#E-8_JTNDaWZyYW1lJTIwc3JjJTNEJTIyaHR0cHMlM0ElMkYlMkZ3d3cuZ29vZ2xlLmNvbSUyRm1hcHMlMkZlbWJlZCUzRnBiJTNEJTIxMW0xOCUyMTFtMTIlMjExbTMlMjExZDMxOTEuMzYxNTc2NDE5NzY0MyUyMTJkMzAuNzAyNTg1NDE1NjUxNjEyJTIxM2QzNi44ODE2OTc0Nzk5MzE3OCUyMTJtMyUyMTFmMCUyMTJmMCUyMTNmMCUyMTNtMiUyMTFpMTAyNCUyMTJpNzY4JTIxNGYxMy4xJTIxM20zJTIxMW0yJTIxMXMweDE0YzM5MDBmNjAzODhmZWQlMjUzQTB4NmRkM2E3YWVlNTFiNWY4MyUyMTJzS2FsZWklMjVDMyUyNUE3aSUyNTIwU3RlYWslMjUyMEdhc3RybyUyNTIwQmFyJTIxNWUwJTIxM20yJTIxMXN0ciUyMTJzdHIlMjE0djE2NTI5MDI0MjYxOTglMjE1bTIlMjExc3RyJTIxMnN0ciUyMiUyMHdpZHRoJTNEJTIyNjAwJTIyJTIwaGVpZ2h0JTNEJTIyNTQyJTIyJTIwc3R5bGUlM0QlMjJib3JkZXIlM0EwJTNCJTIyJTIwYWxsb3dmdWxsc2NyZWVuJTNEJTIyJTIyJTIwbG9hZGluZyUzRCUyMmxhenklMjIlMjByZWZlcnJlcnBvbGljeSUzRCUyMm5vLXJlZmVycmVyLXdoZW4tZG93bmdyYWRlJTIyJTNFJTNDJTJGaWZyYW1lJTNF&#8220;][\/vc_column][\/vc_row]<\/p>\n","protected":false},"excerpt":{"rendered":"<p>[vc_row row_content_width=&#8220;grid&#8220; css=&#8220;.vc_custom_1652903023809{padding-top: 160px !important;padding-bottom: 60px !important;}&#8220; pattern_svg_path=&#8220;&#8220;][vc_column width=&#8220;1\/3&#8243; css=&#8220;.vc_custom_1654269652414{margin-top: 20px !important;}&#8220;][\/vc_column][vc_column width=&#8220;1\/3&#8243; css=&#8220;.vc_custom_1654269658146{margin-top: 20px !important;}&#8220;][\/vc_column][vc_column width=&#8220;1\/3&#8243; css=&#8220;.vc_custom_1654269665309{margin-top: 20px !important;}&#8220;][\/vc_column][\/vc_row][vc_row row_content_width=&#8220;grid&#8220; pattern_svg_path=&#8220;&#8220; css=&#8220;.vc_custom_1652901310303{padding-top: 60px !important;padding-bottom: 120px !important;}&#8220;][vc_column width=&#8220;1\/2&#8243; css=&#8220;.vc_custom_1652902875657{background-color: rgba(255,255,255,0.09) !important;*background-color: rgb(255,255,255) !important;border-radius: 1px !important;}&#8220;][vc_column_text][\/vc_column_text][\/vc_column][vc_column width=&#8220;1\/2&#8243;][vc_gmaps link=&#8220;#E-8_JTNDaWZyYW1lJTIwc3JjJTNEJTIyaHR0cHMlM0ElMkYlMkZ3d3cuZ29vZ2xlLmNvbSUyRm1hcHMlMkZlbWJlZCUzRnBiJTNEJTIxMW0xOCUyMTFtMTIlMjExbTMlMjExZDMxOTEuMzYxNTc2NDE5NzY0MyUyMTJkMzAuNzAyNTg1NDE1NjUxNjEyJTIxM2QzNi44ODE2OTc0Nzk5MzE3OCUyMTJtMyUyMTFmMCUyMTJmMCUyMTNmMCUyMTNtMiUyMTFpMTAyNCUyMTJpNzY4JTIxNGYxMy4xJTIxM20zJTIxMW0yJTIxMXMweDE0YzM5MDBmNjAzODhmZWQlMjUzQTB4NmRkM2E3YWVlNTFiNWY4MyUyMTJzS2FsZWklMjVDMyUyNUE3aSUyNTIwU3RlYWslMjUyMEdhc3RybyUyNTIwQmFyJTIxNWUwJTIxM20yJTIxMXN0ciUyMTJzdHIlMjE0djE2NTI5MDI0MjYxOTglMjE1bTIlMjExc3RyJTIxMnN0ciUyMiUyMHdpZHRoJTNEJTIyNjAwJTIyJTIwaGVpZ2h0JTNEJTIyNTQyJTIyJTIwc3R5bGUlM0QlMjJib3JkZXIlM0EwJTNCJTIyJTIwYWxsb3dmdWxsc2NyZWVuJTNEJTIyJTIyJTIwbG9hZGluZyUzRCUyMmxhenklMjIlMjByZWZlcnJlcnBvbGljeSUzRCUyMm5vLXJlZmVycmVyLXdoZW4tZG93bmdyYWRlJTIyJTNFJTNDJTJGaWZyYW1lJTNF&#8220;][\/vc_column][\/vc_row]<\/p>\n","protected":false},"author":1,"featured_media":0,"parent":0,"menu_order":0,"comment_status":"closed","ping_status":"closed","template":"","meta":[],"_links":{"self":[{"href":"https:\/\/www.kaleicisteakgastrobar.com\/de\/wp-json\/wp\/v2\/pages\/506"}],"collection":[{"href":"https:\/\/www.kaleicisteakgastrobar.com\/de\/wp-json\/wp\/v2\/pages"}],"about":[{"href":"https:\/\/www.kaleicisteakgastrobar.com\/de\/wp-json\/wp\/v2\/types\/page"}],"author":[{"embeddable":true,"href":"https:\/\/www.kaleicisteakgastrobar.com\/de\/wp-json\/wp\/v2\/users\/1"}],"replies":[{"embeddable":true,"href":"https:\/\/www.kaleicisteakgastrobar.com\/de\/wp-json\/wp\/v2\/comments?post=506"}],"version-history":[{"count":3,"href":"https:\/\/www.kaleicisteakgastrobar.com\/de\/wp-json\/wp\/v2\/pages\/506\/revisions"}],"predecessor-version":[{"id":530,"href":"https:\/\/www.kaleicisteakgastrobar.com\/de\/wp-json\/wp\/v2\/pages\/506\/revisions\/530"}],"wp:attachment":[{"href":"https:\/\/www.kaleicisteakgastrobar.com\/de\/wp-json\/wp\/v2\/media?parent=506"}],"curies":[{"name":"wp","href":"https:\/\/api.w.org\/{rel}","templated":true}]}}