{"id":469,"date":"2022-07-08T12:25:39","date_gmt":"2022-07-08T12:25:39","guid":{"rendered":"https:\/\/www.kaleicisteakgastrobar.com\/hakkimizda\/"},"modified":"2024-05-02T22:09:21","modified_gmt":"2024-05-02T22:09:21","slug":"ueber-uns","status":"publish","type":"page","link":"https:\/\/www.kaleicisteakgastrobar.com\/de\/ueber-uns\/","title":{"rendered":"\u00dcber uns"},"content":{"rendered":"<p>[vc_row css=&#8220;.vc_custom_1657704988110{padding-top: 20px !important;padding-bottom: 70px !important;}&#8220;][vc_column css_animation=&#8220;left-to-right&#8220; width=&#8220;1\/4&#8243; css=&#8220;.vc_custom_1657284992778{padding-top: 150px !important;}&#8220;][vc_single_image image=&#8220;79&#8243; img_size=&#8220;200&#215;200&#8243; alignment=&#8220;center&#8220;][\/vc_column][vc_column css_animation=&#8220;bottom-to-top&#8220; width=&#8220;1\/2&#8243;][vc_custom_heading text=&#8220;Viel Spa\u00df damit!&#8220; font_container=&#8220;tag:h3|text_align:center|color:%23d34029&#8243; google_fonts=&#8220;font_family:Kaushan%20Script%3Aregular|font_style:400%20regular%3A400%3Anormal&#8220;]<div id=\"ultimate-heading-766669e4c918e24a7\" class=\"uvc-heading ult-adjust-bottom-margin ultimate-heading-766669e4c918e24a7 uvc-6664 \" data-hspacer=\"no_spacer\"  data-halign=\"center\" style=\"text-align:center\"><div class=\"uvc-heading-spacer no_spacer\" style=\"top\"><\/div><div class=\"uvc-sub-heading ult-responsive\"  data-ultimate-target='.uvc-heading.ultimate-heading-766669e4c918e24a7 .uvc-sub-heading '  data-responsive-json-new='{\"font-size\":\"\",\"line-height\":\"\"}'  style=\"font-weight:normal;\"><\/p>\n<div class=\"wpb_text_column wpb_content_element \">\n<div class=\"wpb_wrapper\">\n<p>Als KALE\u0130\u00c7\u0130 STEAK GASTRO BAR in der historischen Stadt Kalei\u00e7i, die 130 n. Chr. von K\u00f6nig Hadrianus erbaut wurde und heute eine der beliebtesten Gegenden Antalyas ist, bieten wir unseren gesch\u00e4tzten G\u00e4sten von unseren K\u00f6chen mit traditionellen Methoden zubereitetes DRY AGED-Fleisch. Wir laden Sie in die einzigartige Welt unserer Speisekarte mit einer gro\u00dfen Auswahl an Weinen ein, in der Sie die gefeierten Aromen der Weltk\u00fcche sowie die geruhten Fleischsorten genie\u00dfen k\u00f6nnen.<\/p>\n<p>Als Kalei\u00e7i Steak Gastro Bar, die sich st\u00e4ndig mit unserem auf Kundenzufriedenheit ausgerichteten Servicekonzept weiterentwickelt, indem wir jedes Detail bis ins kleinste Detail ber\u00fccksichtigen, freuen wir uns, Sie, unsere gesch\u00e4tzten G\u00e4ste, begr\u00fc\u00dfen zu d\u00fcrfen.<\/p>\n<\/div>\n<\/div>\n<p><\/div><\/div>[\/vc_column][vc_column css_animation=&#8220;right-to-left&#8220; width=&#8220;1\/4&#8243; css=&#8220;.vc_custom_1657285023794{padding-top: 150px !important;}&#8220;]<div id=\"modal-trg-txt-wrap-2556\" class=\"ult-modal-input-wrapper ult-adjust-bottom-margin playbuttonimg   \" data-keypress-control=\"keypress-control-enable\" data-overlay-control=\"overlay-control-enable\"><img src=\"https:\/\/www.kaleicisteakgastrobar.com\/wp-content\/uploads\/2022\/07\/play-video_-650x650-1.png\" alt=\"null\" data-class-id=\"content-69e4c918e25730-22509764\" class=\"ult-modal-img overlay-show ult-align-center ult-modal-image-\" data-overlay-class=\"overlay-doorvertical\"\/><\/div>\n<div class=\"ult-overlay content-69e4c918e25730-22509764 \" data-class=\"content-69e4c918e25730-22509764\" id=\"button-click-overlay\" style=\"background:rgba(17,4,1,0.8); display:none;\">\n\t<div class=\"ult_modal ult-fade ult-medium\">\n\t\t<div id=\"ult-modal-wrap-1033\" class=\"ult_modal-content ult-hide\" style=\"border-style:solid;border-width:2px;border-radius:0px;border-color:#333333;\">\n\t\t\t<div  data-ultimate-target='#ult-modal-wrap-1033 .ult_modal-body'  data-responsive-json-new='{\"font-size\":\"\",\"line-height\":\"\"}'  class=\"ult_modal-body ult-responsive ult-youtube\" style=\"background:#110401;\">\n\t\t\t<iframe loading=\"lazy\" title=\"YouTube video player\" src=\"https:\/\/www.youtube.com\/embed\/ooZA3K61yFg?controls=0\" width=\"560\" height=\"315\" frameborder=\"0\" allowfullscreen=\"allowfullscreen\"><\/iframe>\n\t\t\t<\/div>\n\t<\/div>\n\t<\/div>\n\t<div class=\"ult-overlay-close top-right\" style=\"width:80px;height:80px; \"><div class=\"ult-overlay-close-inside\">Close<\/div><\/div>\n<\/div>[\/vc_column][\/vc_row]<\/p>\n","protected":false},"excerpt":{"rendered":"<p>[vc_row css=&#8220;.vc_custom_1657704988110{padding-top: 20px !important;padding-bottom: 70px !important;}&#8220;][vc_column css_animation=&#8220;left-to-right&#8220; width=&#8220;1\/4&#8243; css=&#8220;.vc_custom_1657284992778{padding-top: 150px !important;}&#8220;][vc_single_image image=&#8220;79&#8243; img_size=&#8220;200&#215;200&#8243; alignment=&#8220;center&#8220;][\/vc_column][vc_column css_animation=&#8220;bottom-to-top&#8220; width=&#8220;1\/2&#8243;][vc_custom_heading text=&#8220;Viel Spa\u00df damit!&#8220; font_container=&#8220;tag:h3|text_align:center|color:%23d34029&#8243; google_fonts=&#8220;font_family:Kaushan%20Script%3Aregular|font_style:400%20regular%3A400%3Anormal&#8220;][\/vc_column][vc_column css_animation=&#8220;right-to-left&#8220; width=&#8220;1\/4&#8243; css=&#8220;.vc_custom_1657285023794{padding-top: 150px !important;}&#8220;][\/vc_column][\/vc_row]<\/p>\n","protected":false},"author":1,"featured_media":0,"parent":0,"menu_order":0,"comment_status":"closed","ping_status":"closed","template":"","meta":[],"_links":{"self":[{"href":"https:\/\/www.kaleicisteakgastrobar.com\/de\/wp-json\/wp\/v2\/pages\/469"}],"collection":[{"href":"https:\/\/www.kaleicisteakgastrobar.com\/de\/wp-json\/wp\/v2\/pages"}],"about":[{"href":"https:\/\/www.kaleicisteakgastrobar.com\/de\/wp-json\/wp\/v2\/types\/page"}],"author":[{"embeddable":true,"href":"https:\/\/www.kaleicisteakgastrobar.com\/de\/wp-json\/wp\/v2\/users\/1"}],"replies":[{"embeddable":true,"href":"https:\/\/www.kaleicisteakgastrobar.com\/de\/wp-json\/wp\/v2\/comments?post=469"}],"version-history":[{"count":3,"href":"https:\/\/www.kaleicisteakgastrobar.com\/de\/wp-json\/wp\/v2\/pages\/469\/revisions"}],"predecessor-version":[{"id":674,"href":"https:\/\/www.kaleicisteakgastrobar.com\/de\/wp-json\/wp\/v2\/pages\/469\/revisions\/674"}],"wp:attachment":[{"href":"https:\/\/www.kaleicisteakgastrobar.com\/de\/wp-json\/wp\/v2\/media?parent=469"}],"curies":[{"name":"wp","href":"https:\/\/api.w.org\/{rel}","templated":true}]}}